{"id":8408,"date":"2022-09-21T14:24:31","date_gmt":"2022-09-21T14:24:31","guid":{"rendered":"https:\/\/insidecontent.tv\/?page_id=8408\/"},"modified":"2022-09-21T14:24:31","modified_gmt":"2022-09-21T14:24:31","slug":"politica-de-cookies","status":"publish","type":"page","link":"https:\/\/insidecontent.tv\/es\/politica-de-cookies\/","title":{"rendered":"Pol\u00edtica de Cookies"},"content":{"rendered":"<p>[vc_row equal_height=\u00bb\u00bb shift_y=\u00bb0&#8243; z_index=\u00bb0&#8243;][vc_column][vc_custom_heading text=\u00bbPol\u00edtica de Cookies\u00bb font_size=\u00bb22&#8243; font_family=\u00bbRubik\u00bb font_weight=\u00bb400&#8243;][vc_separator el_width=\u00bb100&#8243; el_height=\u00bb3&#8243; color=\u00bbaccent\u00bb css=\u00bb.vc_custom_1518552839439{margin-top: 50px !important;margin-bottom: 50px !important;}\u00bb][vc_column_text]WWW.INSIDECONTENT.TV<\/p>\n<p>Bienvenido a https:\/\/www.insidecontent.tv (en adelante el \u201cSitio Web\u201d).<\/p>\n<p>Le rogamos que lea detenidamente las presentes condiciones antes de utilizar el Sitio Web y cada vez que lo haga, pues al acceder al mismo acepta quedar vinculado por las condiciones de uso en vigor en el momento en que acceda al Sitio Web.<\/p>\n<h4>1. Datos del titular de la Web<\/h4>\n<p>El Sitio Web es propiedad de INSIDE CONTENT, S.L., sociedad constituida conforme a las leyes espa\u00f1olas, con domicilio social en Clara del Rey, n\u00ba 4, 5\u00ba-dcha, 28002 Madrid y C.I.F. B-87731972, inscrita en el Registro Mercantil de Madrid al tomo 35592, folio 110, secci\u00f3n 8, hoja n\u00famero M-639687 (\u201cINSIDE CONTENT\u201d)<\/p>\n<p>Email de Contacto: <a href=\"mailto:contact@insidecontent.tv\">contact@insidecontent.tv<\/a><\/p>\n<h4>2 Pol\u00edticas de cookies<\/h4>\n<p>Las cookies son identificadores alfanum\u00e9ricos que el Sitio Web env\u00eda al disco duro del ordenador del Usuario a trav\u00e9s de su navegador Web con el fin de que nuestros sistemas puedan reconocer su navegador, obtener informaci\u00f3n acerca de su navegaci\u00f3n en el Sitio Web, informaci\u00f3n sobre conexi\u00f3n, registro, preferencias en cuanto al idioma utilizado, direcci\u00f3n IP, identificador de dispositivos de conexi\u00f3n y configuraci\u00f3n, historial de compra, etc. Todo ello con la finalidad de obtener una mayor eficacia y personalizaci\u00f3n de los Contenidos y Servicios ofrecidos por el Sitio Web al Usuario, as\u00ed como recoger datos estad\u00edsticos. Las cookies se asocian \u00fanicamente a un Usuario an\u00f3nimo y su ordenador y no proporcionan referencias que permitan deducir datos personales del Usuario.<\/p>\n<p>Espec\u00edficamente el Sitio Web utiliza las cookies para los siguientes fines:<\/p>\n<p>i. Identificarle cuando se registra en nuestro sitio web.<\/p>\n<p>ii. Ofrecerle contenido en el Sitio Web o sitios web terceros, incluyendo publicidad, anuncios, de acuerdo con sus intereses.<\/p>\n<p>iii. Ofrecerle servicios personalizados.<\/p>\n<p>iv. Mantener un registro de las preferencias seleccionadas por usted, lo que nos permite actuar en funci\u00f3n de las mismas, como por ejemplo si desea recibir o no publicidad personalizada.<\/p>\n<p>v. Impedir actividades fraudulentas.<\/p>\n<p>vi. Mejorar la seguridad.<\/p>\n<p>vii. Recabar informaci\u00f3n estad\u00edstica con el objetivo de mejora del sitio Web y de su navegaci\u00f3n, estad\u00edsticas de uso, velocidad de las b\u00fasquedas, medici\u00f3n de la actividad del Sitio Web, etc.<\/p>\n<p>En el caso de que INSIDE CONTENT combine la recogida de esa informaci\u00f3n con los datos de car\u00e1cter personal del Usuario, dicha informaci\u00f3n ser\u00e1 tratada conforme a la Pol\u00edtica de Privacidad contenida en este Aviso Legal.<\/p>\n<p>Visitar el Sitio Web con la configuraci\u00f3n de su navegador ajustada para permitir la aceptaci\u00f3n de cookies confirma que usted quiere hacer uso del Sitio Web y de los Contenidos y Servicios ofrecidos en el Sitio Web y que presta su consentimiento a nuestra utilizaci\u00f3n de las cookies y de cualesquiera otras tecnolog\u00edas que utilicemos para proporcionarle los mismos del modo descrito en este aviso.<\/p>\n<p>En el men\u00fa Ayuda de la barra de men\u00fa de la mayor\u00eda de los navegadores se indica c\u00f3mo configurar su navegador para que no acepte cookies, para que le notifique cada vez que reciba una nueva cookie, as\u00ed como para desactivar completamente todas las cookies. En el caso de se desactiven completamente es posible que ciertos Contenidos y Servicios que requieran su uso no est\u00e9n disponibles para el Usuario[\/vc_column_text][\/vc_column][\/vc_row]<\/p>\n","protected":false},"excerpt":{"rendered":"<p>[vc_row equal_height=\u00bb\u00bb shift_y=\u00bb0&#8243; z_index=\u00bb0&#8243;][vc_column][vc_custom_heading text=\u00bbPol\u00edtica de Cookies\u00bb font_size=\u00bb22&#8243; font_family=\u00bbRubik\u00bb font_weight=\u00bb400&#8243;][vc_separator el_width=\u00bb100&#8243; el_height=\u00bb3&#8243; color=\u00bbaccent\u00bb css=\u00bb.vc_custom_1518552839439{margin-top: 50px !important;margin-bottom: 50px !important;}\u00bb][vc_column_text]WWW.INSIDECONTENT.TV Bienvenido a https:\/\/www.insidecontent.tv (en adelante el \u201cSitio Web\u201d). Le rogamos que lea detenidamente las presentes condiciones antes de utilizar el Sitio Web y cada vez que lo haga, pues al acceder al mismo acepta quedar vinculado por&#8230;<\/p>\n<p><a rel=\"bookmark\" class=\"superflick_button_alt2 wvc-button wvc-button-size-xs\" href=\"https:\/\/insidecontent.tv\/es\/politica-de-cookies\/\"><span>Continue reading<\/span><\/a><\/p>\n","protected":false},"author":1,"featured_media":0,"parent":0,"menu_order":0,"comment_status":"closed","ping_status":"closed","template":"","meta":{"_exactmetrics_skip_tracking":false,"_exactmetrics_sitenote_active":false,"_exactmetrics_sitenote_note":"","_exactmetrics_sitenote_category":0,"footnotes":""},"yoast_head":"<!-- This site is optimized with the Yoast SEO plugin v22.4 - https:\/\/yoast.com\/wordpress\/plugins\/seo\/ -->\n<title>Pol\u00edtica de Cookies - Inside Content<\/title>\n<meta name=\"robots\" content=\"index, follow, max-snippet:-1, max-image-preview:large, max-video-preview:-1\" \/>\n<link rel=\"canonical\" href=\"https:\/\/insidecontent.tv\/es\/politica-de-cookies\/\" \/>\n<meta property=\"og:locale\" content=\"es_ES\" \/>\n<meta property=\"og:type\" content=\"article\" \/>\n<meta property=\"og:title\" content=\"Pol\u00edtica de Cookies - Inside Content\" \/>\n<meta property=\"og:description\" content=\"[vc_row equal_height=\u00bb\u00bb shift_y=\u00bb0&#8243; z_index=\u00bb0&#8243;][vc_column][vc_custom_heading text=\u00bbPol\u00edtica de Cookies\u00bb font_size=\u00bb22&#8243; font_family=\u00bbRubik\u00bb font_weight=\u00bb400&#8243;][vc_separator el_width=\u00bb100&#8243; el_height=\u00bb3&#8243; color=\u00bbaccent\u00bb css=\u00bb.vc_custom_1518552839439{margin-top: 50px !important;margin-bottom: 50px !important;}\u00bb][vc_column_text]WWW.INSIDECONTENT.TV Bienvenido a https:\/\/www.insidecontent.tv (en adelante el \u201cSitio Web\u201d). Le rogamos que lea detenidamente las presentes condiciones antes de utilizar el Sitio Web y cada vez que lo haga, pues al acceder al mismo acepta quedar vinculado por...Continue reading\" \/>\n<meta property=\"og:url\" content=\"https:\/\/insidecontent.tv\/es\/politica-de-cookies\/\" \/>\n<meta property=\"og:site_name\" content=\"Inside Content\" \/>\n<meta name=\"twitter:card\" content=\"summary_large_image\" \/>\n<meta name=\"twitter:label1\" content=\"Tiempo de lectura\" \/>\n\t<meta name=\"twitter:data1\" content=\"3 minutos\" \/>\n<script type=\"application\/ld+json\" class=\"yoast-schema-graph\">{\"@context\":\"https:\/\/schema.org\",\"@graph\":[{\"@type\":\"WebPage\",\"@id\":\"https:\/\/insidecontent.tv\/es\/politica-de-cookies\/\",\"url\":\"https:\/\/insidecontent.tv\/es\/politica-de-cookies\/\",\"name\":\"Pol\u00edtica de Cookies - Inside Content\",\"isPartOf\":{\"@id\":\"https:\/\/insidecontent.tv\/#website\"},\"datePublished\":\"2022-09-21T14:24:31+00:00\",\"dateModified\":\"2022-09-21T14:24:31+00:00\",\"breadcrumb\":{\"@id\":\"https:\/\/insidecontent.tv\/es\/politica-de-cookies\/#breadcrumb\"},\"inLanguage\":\"es\",\"potentialAction\":[{\"@type\":\"ReadAction\",\"target\":[\"https:\/\/insidecontent.tv\/es\/politica-de-cookies\/\"]}]},{\"@type\":\"BreadcrumbList\",\"@id\":\"https:\/\/insidecontent.tv\/es\/politica-de-cookies\/#breadcrumb\",\"itemListElement\":[{\"@type\":\"ListItem\",\"position\":1,\"name\":\"Portada\",\"item\":\"https:\/\/insidecontent.tv\/es\/\"},{\"@type\":\"ListItem\",\"position\":2,\"name\":\"Pol\u00edtica de Cookies\"}]},{\"@type\":\"WebSite\",\"@id\":\"https:\/\/insidecontent.tv\/#website\",\"url\":\"https:\/\/insidecontent.tv\/\",\"name\":\"Inside Content\",\"description\":\"Inside content\",\"potentialAction\":[{\"@type\":\"SearchAction\",\"target\":{\"@type\":\"EntryPoint\",\"urlTemplate\":\"https:\/\/insidecontent.tv\/?s={search_term_string}\"},\"query-input\":\"required name=search_term_string\"}],\"inLanguage\":\"es\"}]}<\/script>\n<!-- \/ Yoast SEO plugin. -->","yoast_head_json":{"title":"Pol\u00edtica de Cookies - Inside Content","robots":{"index":"index","follow":"follow","max-snippet":"max-snippet:-1","max-image-preview":"max-image-preview:large","max-video-preview":"max-video-preview:-1"},"canonical":"https:\/\/insidecontent.tv\/es\/politica-de-cookies\/","og_locale":"es_ES","og_type":"article","og_title":"Pol\u00edtica de Cookies - Inside Content","og_description":"[vc_row equal_height=\u00bb\u00bb shift_y=\u00bb0&#8243; z_index=\u00bb0&#8243;][vc_column][vc_custom_heading text=\u00bbPol\u00edtica de Cookies\u00bb font_size=\u00bb22&#8243; font_family=\u00bbRubik\u00bb font_weight=\u00bb400&#8243;][vc_separator el_width=\u00bb100&#8243; el_height=\u00bb3&#8243; color=\u00bbaccent\u00bb css=\u00bb.vc_custom_1518552839439{margin-top: 50px !important;margin-bottom: 50px !important;}\u00bb][vc_column_text]WWW.INSIDECONTENT.TV Bienvenido a https:\/\/www.insidecontent.tv (en adelante el \u201cSitio Web\u201d). Le rogamos que lea detenidamente las presentes condiciones antes de utilizar el Sitio Web y cada vez que lo haga, pues al acceder al mismo acepta quedar vinculado por...Continue reading","og_url":"https:\/\/insidecontent.tv\/es\/politica-de-cookies\/","og_site_name":"Inside Content","twitter_card":"summary_large_image","twitter_misc":{"Tiempo de lectura":"3 minutos"},"schema":{"@context":"https:\/\/schema.org","@graph":[{"@type":"WebPage","@id":"https:\/\/insidecontent.tv\/es\/politica-de-cookies\/","url":"https:\/\/insidecontent.tv\/es\/politica-de-cookies\/","name":"Pol\u00edtica de Cookies - Inside Content","isPartOf":{"@id":"https:\/\/insidecontent.tv\/#website"},"datePublished":"2022-09-21T14:24:31+00:00","dateModified":"2022-09-21T14:24:31+00:00","breadcrumb":{"@id":"https:\/\/insidecontent.tv\/es\/politica-de-cookies\/#breadcrumb"},"inLanguage":"es","potentialAction":[{"@type":"ReadAction","target":["https:\/\/insidecontent.tv\/es\/politica-de-cookies\/"]}]},{"@type":"BreadcrumbList","@id":"https:\/\/insidecontent.tv\/es\/politica-de-cookies\/#breadcrumb","itemListElement":[{"@type":"ListItem","position":1,"name":"Portada","item":"https:\/\/insidecontent.tv\/es\/"},{"@type":"ListItem","position":2,"name":"Pol\u00edtica de Cookies"}]},{"@type":"WebSite","@id":"https:\/\/insidecontent.tv\/#website","url":"https:\/\/insidecontent.tv\/","name":"Inside Content","description":"Inside content","potentialAction":[{"@type":"SearchAction","target":{"@type":"EntryPoint","urlTemplate":"https:\/\/insidecontent.tv\/?s={search_term_string}"},"query-input":"required name=search_term_string"}],"inLanguage":"es"}]}},"_links":{"self":[{"href":"https:\/\/insidecontent.tv\/es\/wp-json\/wp\/v2\/pages\/8408"}],"collection":[{"href":"https:\/\/insidecontent.tv\/es\/wp-json\/wp\/v2\/pages"}],"about":[{"href":"https:\/\/insidecontent.tv\/es\/wp-json\/wp\/v2\/types\/page"}],"author":[{"embeddable":true,"href":"https:\/\/insidecontent.tv\/es\/wp-json\/wp\/v2\/users\/1"}],"replies":[{"embeddable":true,"href":"https:\/\/insidecontent.tv\/es\/wp-json\/wp\/v2\/comments?post=8408"}],"version-history":[{"count":2,"href":"https:\/\/insidecontent.tv\/es\/wp-json\/wp\/v2\/pages\/8408\/revisions"}],"predecessor-version":[{"id":8411,"href":"https:\/\/insidecontent.tv\/es\/wp-json\/wp\/v2\/pages\/8408\/revisions\/8411"}],"wp:attachment":[{"href":"https:\/\/insidecontent.tv\/es\/wp-json\/wp\/v2\/media?parent=8408"}],"curies":[{"name":"wp","href":"https:\/\/api.w.org\/{rel}","templated":true}]}}