{"id":7694,"date":"2017-09-10T04:29:22","date_gmt":"2017-09-10T04:29:22","guid":{"rendered":"https:\/\/insidecontent.tv\/privacy-policy\/"},"modified":"2022-09-21T14:15:19","modified_gmt":"2022-09-21T14:15:19","slug":"politica-privacidad","status":"publish","type":"page","link":"https:\/\/insidecontent.tv\/es\/politica-privacidad\/","title":{"rendered":"Pol\u00edtica de Privacidad"},"content":{"rendered":"<p>[vc_row equal_height=\u00bb\u00bb shift_y=\u00bb0&#8243; z_index=\u00bb0&#8243;][vc_column][vc_custom_heading text=\u00bbPol\u00edtica de Privacidad\u00bb font_size=\u00bb22&#8243; font_family=\u00bbRubik\u00bb font_weight=\u00bb400&#8243;][vc_separator el_width=\u00bb100&#8243; el_height=\u00bb3&#8243; color=\u00bbaccent\u00bb css=\u00bb.vc_custom_1518552839439{margin-top: 50px !important;margin-bottom: 50px !important;}\u00bb][vc_column_text]WWW.INSIDECONTENT.TV<\/p>\n<p>Bienvenido a https:\/\/www.insidecontent.tv (en adelante el \u201cSitio Web\u201d).<\/p>\n<p>Le rogamos que lea detenidamente las presentes condiciones antes de utilizar el Sitio Web y cada vez que lo haga, pues al acceder al mismo acepta quedar vinculado por las condiciones de uso en vigor en el momento en que acceda al Sitio Web.<\/p>\n<h4>1. Datos del titular de la Web<\/h4>\n<p>El Sitio Web es propiedad de INSIDE CONTENT, S.L., sociedad constituida conforme a las leyes espa\u00f1olas, con domicilio social en Clara del Rey, n\u00ba 4, 5\u00ba-dcha, 28002 Madrid y C.I.F. B-87731972, inscrita en el Registro Mercantil de Madrid al tomo 35592, folio 110, secci\u00f3n 8, hoja n\u00famero M-639687 (\u201cINSIDE CONTENT\u201d)<\/p>\n<p>Email de Contacto: <a href=\"mailto:contact@insidecontent.tv\">contact@insidecontent.tv<\/a><\/p>\n<h4>2. Pol\u00edtica de privacidad<\/h4>\n<p>Generalmente, las personas que hagan uso del Sitio Web lo hacen sin necesidad de facilitar ning\u00fan dato personal. No obstante, para acceder a ciertos Contenidos y Servicios del Sitio Web los Usuarios deber\u00e1n facilitar ciertos datos personales de car\u00e1cter identificativo y de contacto.<\/p>\n<p>Los Usuarios que faciliten sus datos al Sitio Web consienten su tratamiento conforme a las siguientes condiciones y garantiza que los datos facilitados son correctos, comprometi\u00e9ndose a comunicar a INSIDE CONTENT los cambios que se produzcan en los mismos.<\/p>\n<p>La informaci\u00f3n personal que se recaba a trav\u00e9s del Sitio Web, formularios de registro o v\u00eda email se utiliza para la finalidad que sea indicada en cada caso en el que se recabe dicha informaci\u00f3n y, en general, para gestionar el acceso a ciertos Contenidos y Servicios del Sitio Web, enviar informaci\u00f3n, promociones y publicidad y otro tipo de comunicaciones comerciales relativos a INSIDE CONTENT,\u00a0\u00a0al evento \u00abConecta FICTION\u00bb u otros encuentros de similares caracter\u00edsticas que organice INSIDE CONTENT, newsletters, actualizar los registros de INSIDE CONTENT, mostrar y administrar contenidos y comunicaciones con el Usuario, incluidos los publicados por los Usuarios, responder a comunicaciones realizadas por los Usuarios y dar cumplimiento a cualesquiera exigencias legales. Dichos datos ser\u00e1n tratados por INSIDE CONTENT en la medida necesaria para satisfacer dichas necesidades. El Usuario autoriza a INSIDE CONTENT a conservar sus datos y tratarlos sus para las finalidades anteriormente descritas.<\/p>\n<p>INSIDE CONTENT garantiza la confidencialidad de los datos de car\u00e1cter personal facilitados por los Usuarios, seg\u00fan lo establecido en la normativa aplicable sobre protecci\u00f3n de datos personales y la Ley de Servicios de la Sociedad de la Informaci\u00f3n y de Comercio Electr\u00f3nico.<\/p>\n<p>Dichos datos ser\u00e1n tratados bajo la responsabilidad de INSIDE CONTENT, S.L., con domicilio social en Clara del Rey, n\u00ba 4, 5\u00ba-dcha, 28002 Madrid, Espa\u00f1a, y C.I.F. B-87731972. Los Usuarios podr\u00e1n dirigirse a INSIDE CONTENT con el fin de poder ejercitar gratuitamente sus derechos de acceso, rectificaci\u00f3n, supresi\u00f3n y, en su caso, oposici\u00f3n, portabilidad y limitaci\u00f3n del tratamiento. Para ello deber\u00e1n enviar a INSIDE CONTENT, por correo certificado, a la direcci\u00f3n Calle Francisco Navacerrada, 8, 5\u00ba fl., Madrid 28028, Espa\u00f1a, o o por correo electr\u00f3nico, a la direcci\u00f3n <a href=\"mailto:contact@insidecontent.tv\">contact@insidecontent.tv<\/a>, un requerimiento escrito especificando el derecho que desea ejercer, acompa\u00f1ando copia de documento oficial que le identifique. En todo caso, INSIDE CONTENT podr\u00e1 conservar una copia con los datos debidamente bloqueados, mientras puedan derivarse responsabilidades de la ejecuci\u00f3n de este contrato.<\/p>\n<p>El Usuario tendr\u00e1 derecho a presentar una reclamaci\u00f3n ante la Agencia Espa\u00f1ola de Protecci\u00f3n de Datos (AEPD) en el caso de que entienda vulnerado alguno de sus derechos relacionados con la protecci\u00f3n de datos.[\/vc_column_text][\/vc_column][\/vc_row]<\/p>\n","protected":false},"excerpt":{"rendered":"<p>[vc_row equal_height=\u00bb\u00bb shift_y=\u00bb0&#8243; z_index=\u00bb0&#8243;][vc_column][vc_custom_heading text=\u00bbPol\u00edtica de Privacidad\u00bb font_size=\u00bb22&#8243; font_family=\u00bbRubik\u00bb font_weight=\u00bb400&#8243;][vc_separator el_width=\u00bb100&#8243; el_height=\u00bb3&#8243; color=\u00bbaccent\u00bb css=\u00bb.vc_custom_1518552839439{margin-top: 50px !important;margin-bottom: 50px !important;}\u00bb][vc_column_text]WWW.INSIDECONTENT.TV Bienvenido a https:\/\/www.insidecontent.tv (en adelante el \u201cSitio Web\u201d). Le rogamos que lea detenidamente las presentes condiciones antes de utilizar el Sitio Web y cada vez que lo haga, pues al acceder al mismo acepta quedar vinculado por&#8230;<\/p>\n<p><a rel=\"bookmark\" class=\"superflick_button_alt2 wvc-button wvc-button-size-xs\" href=\"https:\/\/insidecontent.tv\/es\/politica-privacidad\/\"><span>Continue reading<\/span><\/a><\/p>\n","protected":false},"author":1,"featured_media":0,"parent":0,"menu_order":0,"comment_status":"closed","ping_status":"closed","template":"","meta":{"_exactmetrics_skip_tracking":false,"_exactmetrics_sitenote_active":false,"_exactmetrics_sitenote_note":"","_exactmetrics_sitenote_category":0,"footnotes":""},"yoast_head":"<!-- This site is optimized with the Yoast SEO plugin v22.4 - https:\/\/yoast.com\/wordpress\/plugins\/seo\/ -->\n<title>Pol\u00edtica de Privacidad - Inside Content<\/title>\n<meta name=\"robots\" content=\"index, follow, max-snippet:-1, max-image-preview:large, max-video-preview:-1\" \/>\n<link rel=\"canonical\" href=\"https:\/\/insidecontent.tv\/es\/politica-privacidad\/\" \/>\n<meta property=\"og:locale\" content=\"es_ES\" \/>\n<meta property=\"og:type\" content=\"article\" \/>\n<meta property=\"og:title\" content=\"Pol\u00edtica de Privacidad - Inside Content\" \/>\n<meta property=\"og:description\" content=\"[vc_row equal_height=\u00bb\u00bb shift_y=\u00bb0&#8243; z_index=\u00bb0&#8243;][vc_column][vc_custom_heading text=\u00bbPol\u00edtica de Privacidad\u00bb font_size=\u00bb22&#8243; font_family=\u00bbRubik\u00bb font_weight=\u00bb400&#8243;][vc_separator el_width=\u00bb100&#8243; el_height=\u00bb3&#8243; color=\u00bbaccent\u00bb css=\u00bb.vc_custom_1518552839439{margin-top: 50px !important;margin-bottom: 50px !important;}\u00bb][vc_column_text]WWW.INSIDECONTENT.TV Bienvenido a https:\/\/www.insidecontent.tv (en adelante el \u201cSitio Web\u201d). Le rogamos que lea detenidamente las presentes condiciones antes de utilizar el Sitio Web y cada vez que lo haga, pues al acceder al mismo acepta quedar vinculado por...Continue reading\" \/>\n<meta property=\"og:url\" content=\"https:\/\/insidecontent.tv\/es\/politica-privacidad\/\" \/>\n<meta property=\"og:site_name\" content=\"Inside Content\" \/>\n<meta property=\"article:modified_time\" content=\"2022-09-21T14:15:19+00:00\" \/>\n<meta name=\"twitter:card\" content=\"summary_large_image\" \/>\n<meta name=\"twitter:label1\" content=\"Tiempo de lectura\" \/>\n\t<meta name=\"twitter:data1\" content=\"3 minutos\" \/>\n<script type=\"application\/ld+json\" class=\"yoast-schema-graph\">{\"@context\":\"https:\/\/schema.org\",\"@graph\":[{\"@type\":\"WebPage\",\"@id\":\"https:\/\/insidecontent.tv\/es\/politica-privacidad\/\",\"url\":\"https:\/\/insidecontent.tv\/es\/politica-privacidad\/\",\"name\":\"Pol\u00edtica de Privacidad - Inside Content\",\"isPartOf\":{\"@id\":\"https:\/\/insidecontent.tv\/#website\"},\"datePublished\":\"2017-09-10T04:29:22+00:00\",\"dateModified\":\"2022-09-21T14:15:19+00:00\",\"breadcrumb\":{\"@id\":\"https:\/\/insidecontent.tv\/es\/politica-privacidad\/#breadcrumb\"},\"inLanguage\":\"es\",\"potentialAction\":[{\"@type\":\"ReadAction\",\"target\":[\"https:\/\/insidecontent.tv\/es\/politica-privacidad\/\"]}]},{\"@type\":\"BreadcrumbList\",\"@id\":\"https:\/\/insidecontent.tv\/es\/politica-privacidad\/#breadcrumb\",\"itemListElement\":[{\"@type\":\"ListItem\",\"position\":1,\"name\":\"Portada\",\"item\":\"https:\/\/insidecontent.tv\/es\/\"},{\"@type\":\"ListItem\",\"position\":2,\"name\":\"Pol\u00edtica de Privacidad\"}]},{\"@type\":\"WebSite\",\"@id\":\"https:\/\/insidecontent.tv\/#website\",\"url\":\"https:\/\/insidecontent.tv\/\",\"name\":\"Inside Content\",\"description\":\"Inside content\",\"potentialAction\":[{\"@type\":\"SearchAction\",\"target\":{\"@type\":\"EntryPoint\",\"urlTemplate\":\"https:\/\/insidecontent.tv\/?s={search_term_string}\"},\"query-input\":\"required name=search_term_string\"}],\"inLanguage\":\"es\"}]}<\/script>\n<!-- \/ Yoast SEO plugin. -->","yoast_head_json":{"title":"Pol\u00edtica de Privacidad - Inside Content","robots":{"index":"index","follow":"follow","max-snippet":"max-snippet:-1","max-image-preview":"max-image-preview:large","max-video-preview":"max-video-preview:-1"},"canonical":"https:\/\/insidecontent.tv\/es\/politica-privacidad\/","og_locale":"es_ES","og_type":"article","og_title":"Pol\u00edtica de Privacidad - Inside Content","og_description":"[vc_row equal_height=\u00bb\u00bb shift_y=\u00bb0&#8243; z_index=\u00bb0&#8243;][vc_column][vc_custom_heading text=\u00bbPol\u00edtica de Privacidad\u00bb font_size=\u00bb22&#8243; font_family=\u00bbRubik\u00bb font_weight=\u00bb400&#8243;][vc_separator el_width=\u00bb100&#8243; el_height=\u00bb3&#8243; color=\u00bbaccent\u00bb css=\u00bb.vc_custom_1518552839439{margin-top: 50px !important;margin-bottom: 50px !important;}\u00bb][vc_column_text]WWW.INSIDECONTENT.TV Bienvenido a https:\/\/www.insidecontent.tv (en adelante el \u201cSitio Web\u201d). Le rogamos que lea detenidamente las presentes condiciones antes de utilizar el Sitio Web y cada vez que lo haga, pues al acceder al mismo acepta quedar vinculado por...Continue reading","og_url":"https:\/\/insidecontent.tv\/es\/politica-privacidad\/","og_site_name":"Inside Content","article_modified_time":"2022-09-21T14:15:19+00:00","twitter_card":"summary_large_image","twitter_misc":{"Tiempo de lectura":"3 minutos"},"schema":{"@context":"https:\/\/schema.org","@graph":[{"@type":"WebPage","@id":"https:\/\/insidecontent.tv\/es\/politica-privacidad\/","url":"https:\/\/insidecontent.tv\/es\/politica-privacidad\/","name":"Pol\u00edtica de Privacidad - Inside Content","isPartOf":{"@id":"https:\/\/insidecontent.tv\/#website"},"datePublished":"2017-09-10T04:29:22+00:00","dateModified":"2022-09-21T14:15:19+00:00","breadcrumb":{"@id":"https:\/\/insidecontent.tv\/es\/politica-privacidad\/#breadcrumb"},"inLanguage":"es","potentialAction":[{"@type":"ReadAction","target":["https:\/\/insidecontent.tv\/es\/politica-privacidad\/"]}]},{"@type":"BreadcrumbList","@id":"https:\/\/insidecontent.tv\/es\/politica-privacidad\/#breadcrumb","itemListElement":[{"@type":"ListItem","position":1,"name":"Portada","item":"https:\/\/insidecontent.tv\/es\/"},{"@type":"ListItem","position":2,"name":"Pol\u00edtica de Privacidad"}]},{"@type":"WebSite","@id":"https:\/\/insidecontent.tv\/#website","url":"https:\/\/insidecontent.tv\/","name":"Inside Content","description":"Inside content","potentialAction":[{"@type":"SearchAction","target":{"@type":"EntryPoint","urlTemplate":"https:\/\/insidecontent.tv\/?s={search_term_string}"},"query-input":"required name=search_term_string"}],"inLanguage":"es"}]}},"_links":{"self":[{"href":"https:\/\/insidecontent.tv\/es\/wp-json\/wp\/v2\/pages\/7694"}],"collection":[{"href":"https:\/\/insidecontent.tv\/es\/wp-json\/wp\/v2\/pages"}],"about":[{"href":"https:\/\/insidecontent.tv\/es\/wp-json\/wp\/v2\/types\/page"}],"author":[{"embeddable":true,"href":"https:\/\/insidecontent.tv\/es\/wp-json\/wp\/v2\/users\/1"}],"replies":[{"embeddable":true,"href":"https:\/\/insidecontent.tv\/es\/wp-json\/wp\/v2\/comments?post=7694"}],"version-history":[{"count":11,"href":"https:\/\/insidecontent.tv\/es\/wp-json\/wp\/v2\/pages\/7694\/revisions"}],"predecessor-version":[{"id":8406,"href":"https:\/\/insidecontent.tv\/es\/wp-json\/wp\/v2\/pages\/7694\/revisions\/8406"}],"wp:attachment":[{"href":"https:\/\/insidecontent.tv\/es\/wp-json\/wp\/v2\/media?parent=7694"}],"curies":[{"name":"wp","href":"https:\/\/api.w.org\/{rel}","templated":true}]}}