{"id":7525,"date":"2018-12-07T22:00:44","date_gmt":"2018-12-07T22:00:44","guid":{"rendered":"https:\/\/insidecontent.tv\/?page_id=7525\/"},"modified":"2025-01-09T13:21:53","modified_gmt":"2025-01-09T13:21:53","slug":"produccion-de-eventos","status":"publish","type":"page","link":"https:\/\/insidecontent.tv\/es\/produccion-de-eventos\/","title":{"rendered":"PRODUCCI\u00d3N DE EVENTOS"},"content":{"rendered":"<p>[vc_row full_height=\u00bbyes\u00bb equal_height=\u00bb\u00bb font_color=\u00bblight\u00bb background_type=\u00bbimage\u00bb background_img=\u00bb7823&#8243; background_img_lazyload=\u00bb1&#8243; add_overlay=\u00bbyes\u00bb overlay_opacity=\u00bb70&#8243; shift_y=\u00bb0&#8243; z_index=\u00bb0&#8243;][vc_column][vc_custom_heading text=\u00bbConecta Fiction &amp; Entertainment\u00bb font_size=\u00bb64&#8243; font_family=\u00bbRubik\u00bb color=\u00bbaccent\u00bb font_weight=\u00bb400&#8243; tag=\u00bbh1&#8243; css_animation=\u00bbfadeInUp\u00bb css=\u00bb.vc_custom_1661946545426{margin-bottom: 0px !important;}\u00bb link=\u00bb|||\u00bb][vc_single_image image=\u00bb7343&#8243; full_width=\u00bb\u00bb opacity=\u00bb100&#8243; css_animation=\u00bbfade-up\u00bb css_animation_delay=\u00bb2&#8243;][vc_column_text css_animation=\u00bbfadeIn\u00bb css_animation_delay=\u00bb400&#8243;]<\/p>\n<p style=\"text-align: center;\"><span style=\"font-size: 12pt; font-family: Rubik;\">INSIDE CONTENT, dise\u00f1a y produce desde 2017, el evento internacional <span style=\"text-decoration: underline;\"><strong><a href=\"https:\/\/www.eventconecta.com\/\">Conecta FICTION &amp; ENTERTAINMENT<\/a><\/strong><\/span>.<\/span><\/p>\n<p style=\"text-align: center;\"><span style=\"font-size: 12pt; font-family: Rubik;\">Conecta FICTION &amp; ENTERTAINMENT es un evento internacional y profesional dedicado a la producci\u00f3n de contenidos de televisi\u00f3n de Europa y Am\u00e9rica. El evento se celebra cada a\u00f1o en junio en Espa\u00f1a, puente natural para ambos continentes. Sus dos primeras ediciones se celebraron en Santiago de Compostela, Galicia (2017 y 2018); la tercera, cuarta y quinta edici\u00f3n tuvieron lugar en Pamplona-Iru\u00f1a, Navarra (2019-2021); la sexta, septima y octaba en Toledo, CLM (2022-2024). En 2025, la novena edici\u00f3n de Conecta FICTION &amp; ENTERTAINMENT se celebrar\u00e1 en Cuenca, Castilla-La Mancha (16-19 junio). El evento reune cada a\u00f1o 1000 participantes de m\u00e1s de 35 paises.<\/span><\/p>\n<p style=\"text-align: center;\"><span style=\"font-size: 12pt; font-family: Rubik;\">En Conecta, profesionales y creativos se re\u00fanen durante cuatro d\u00edas para descubrir proyectos, negociar y cerrar acuerdos de producci\u00f3n de series, mini series y programas de entretenimiento destacando el talento de ambos continentes. Los ejecutivos m\u00e1s relevantes de Europa y Am\u00e9rica se dan cita en Conecta FICTION &amp; ENTERTAINMENT en un ambiente \u00fanico y relajado para encargar, producir y desarrollar proyectos de televisi\u00f3n con los mejores socios de la industria.<\/span><\/p>\n<p>[\/vc_column_text][vc_single_image image=\u00bb8281&#8243; img_size=\u00bbmedium\u00bb full_width=\u00bb\u00bb onclick=\u00bbcustom_link\u00bb opacity=\u00bb100&#8243; link=\u00bburl:https%3A%2F%2Fwww.eventconecta.com||target:%20_blank|\u00bb max_width=\u00bb10%\u00bb][\/vc_column][\/vc_row][vc_row full_height=\u00bbyes\u00bb equal_height=\u00bb\u00bb font_color=\u00bblight\u00bb background_type=\u00bbimage\u00bb background_img=\u00bb8003&#8243; background_img_lazyload=\u00bb1&#8243; add_overlay=\u00bbyes\u00bb overlay_opacity=\u00bb60&#8243; shift_y=\u00bb0&#8243; z_index=\u00bb0&#8243;][vc_column][vc_custom_heading text=\u00bbONSeries Lisboa\u00bb font_size=\u00bb64&#8243; font_family=\u00bbRubik\u00bb color=\u00bbaccent\u00bb font_weight=\u00bb400&#8243; tag=\u00bbh1&#8243; css_animation=\u00bbfadeInUp\u00bb css=\u00bb.vc_custom_1587046317540{margin-bottom: 0px !important;}\u00bb link=\u00bb|||\u00bb][vc_single_image image=\u00bb7343&#8243; full_width=\u00bb\u00bb opacity=\u00bb100&#8243; css_animation=\u00bbfade-up\u00bb css_animation_delay=\u00bb2&#8243;][vc_column_text css_animation=\u00bbfadeIn\u00bb css_animation_delay=\u00bb400&#8243;]<\/p>\n<p style=\"text-align: center;\"><span style=\"font-size: 12pt; font-family: Rubik;\">INSIDE CONTENT, dise\u00f1a y produce desde 2021, el showcase internacional de la industria portuguesa, <strong><span style=\"text-decoration: underline;\"><a href=\"https:\/\/www.onseries.eu\/\">ONSeries Lisboa<\/a><\/span><\/strong>.<\/span><\/p>\n<p style=\"text-align: center;\"><span style=\"font-size: 12pt; font-family: Rubik;\">ONSeries Lisboa es un showcase para promover el contenido y talento de la industria de television portuguesa frente a ejecutivos nacionales e internacionales. La primera edici\u00f3n de ONSeries tuvo lugar el 25 y 26 de noviembre 2021, dos d\u00edas en los que profesionales y creativos nacionales e internacionales descubrieron el potencial de los contenidos televisivos de Portugal, a la vez que intercambiaron ideas y crearon alianzas de producci\u00f3n. <\/span><\/p>\n<p>[\/vc_column_text][vc_single_image image=\u00bb7949&#8243; img_size=\u00bbmedium\u00bb full_width=\u00bb\u00bb onclick=\u00bbcustom_link\u00bb opacity=\u00bb100&#8243; link=\u00bburl:https%3A%2F%2Fonseries.eu%2Fen%2F%23||target:%20_blank|\u00bb max_width=\u00bb20%\u00bb][\/vc_column][\/vc_row]<\/p>\n","protected":false},"excerpt":{"rendered":"<p>[vc_row full_height=\u00bbyes\u00bb equal_height=\u00bb\u00bb font_color=\u00bblight\u00bb background_type=\u00bbimage\u00bb background_img=\u00bb7823&#8243; background_img_lazyload=\u00bb1&#8243; add_overlay=\u00bbyes\u00bb overlay_opacity=\u00bb70&#8243; shift_y=\u00bb0&#8243; z_index=\u00bb0&#8243;][vc_column][vc_custom_heading text=\u00bbConecta Fiction &amp; Entertainment\u00bb font_size=\u00bb64&#8243; font_family=\u00bbRubik\u00bb color=\u00bbaccent\u00bb font_weight=\u00bb400&#8243; tag=\u00bbh1&#8243; css_animation=\u00bbfadeInUp\u00bb css=\u00bb.vc_custom_1661946545426{margin-bottom: 0px !important;}\u00bb link=\u00bb|||\u00bb][vc_single_image image=\u00bb7343&#8243; full_width=\u00bb\u00bb opacity=\u00bb100&#8243; css_animation=\u00bbfade-up\u00bb css_animation_delay=\u00bb2&#8243;][vc_column_text css_animation=\u00bbfadeIn\u00bb css_animation_delay=\u00bb400&#8243;] INSIDE CONTENT, dise\u00f1a y produce desde 2017, el evento internacional Conecta FICTION &amp; ENTERTAINMENT. Conecta FICTION &amp; ENTERTAINMENT es un evento internacional y&#8230;<\/p>\n<p><a rel=\"bookmark\" class=\"superflick_button_alt2 wvc-button wvc-button-size-xs\" href=\"https:\/\/insidecontent.tv\/es\/produccion-de-eventos\/\"><span>Continue reading<\/span><\/a><\/p>\n","protected":false},"author":1,"featured_media":0,"parent":0,"menu_order":100,"comment_status":"closed","ping_status":"closed","template":"","meta":{"_exactmetrics_skip_tracking":false,"_exactmetrics_sitenote_active":false,"_exactmetrics_sitenote_note":"","_exactmetrics_sitenote_category":0,"footnotes":""},"yoast_head":"<!-- This site is optimized with the Yoast SEO plugin v22.4 - https:\/\/yoast.com\/wordpress\/plugins\/seo\/ -->\n<title>PRODUCCI\u00d3N DE EVENTOS - Inside Content<\/title>\n<meta name=\"description\" content=\"INSIDE CONTENT produce eventos internacionales y profesionales del sector audiovisual como Conecta FICTION &amp; ENTERTAINMENT, Conecta DIGITAL, ONSERIES LISBOA y acoge la semi final en Espa\u00f1a de los premios internacionales, los EMMYS.\" \/>\n<meta name=\"robots\" content=\"index, follow, max-snippet:-1, max-image-preview:large, max-video-preview:-1\" \/>\n<link rel=\"canonical\" href=\"https:\/\/insidecontent.tv\/es\/produccion-de-eventos\/\" \/>\n<meta property=\"og:locale\" content=\"es_ES\" \/>\n<meta property=\"og:type\" content=\"article\" \/>\n<meta property=\"og:title\" content=\"PRODUCCI\u00d3N DE EVENTOS - Inside Content\" \/>\n<meta property=\"og:description\" content=\"INSIDE CONTENT produce eventos internacionales y profesionales del sector audiovisual como Conecta FICTION &amp; ENTERTAINMENT, Conecta DIGITAL, ONSERIES LISBOA y acoge la semi final en Espa\u00f1a de los premios internacionales, los EMMYS.\" \/>\n<meta property=\"og:url\" content=\"https:\/\/insidecontent.tv\/es\/produccion-de-eventos\/\" \/>\n<meta property=\"og:site_name\" content=\"Inside Content\" \/>\n<meta property=\"article:modified_time\" content=\"2025-01-09T13:21:53+00:00\" \/>\n<meta name=\"twitter:card\" content=\"summary_large_image\" \/>\n<meta name=\"twitter:label1\" content=\"Tiempo de lectura\" \/>\n\t<meta name=\"twitter:data1\" content=\"2 minutos\" \/>\n<script type=\"application\/ld+json\" class=\"yoast-schema-graph\">{\"@context\":\"https:\/\/schema.org\",\"@graph\":[{\"@type\":\"WebPage\",\"@id\":\"https:\/\/insidecontent.tv\/es\/produccion-de-eventos\/\",\"url\":\"https:\/\/insidecontent.tv\/es\/produccion-de-eventos\/\",\"name\":\"PRODUCCI\u00d3N DE EVENTOS - Inside Content\",\"isPartOf\":{\"@id\":\"https:\/\/insidecontent.tv\/#website\"},\"datePublished\":\"2018-12-07T22:00:44+00:00\",\"dateModified\":\"2025-01-09T13:21:53+00:00\",\"description\":\"INSIDE CONTENT produce eventos internacionales y profesionales del sector audiovisual como Conecta FICTION & ENTERTAINMENT, Conecta DIGITAL, ONSERIES LISBOA y acoge la semi final en Espa\u00f1a de los premios internacionales, los EMMYS.\",\"breadcrumb\":{\"@id\":\"https:\/\/insidecontent.tv\/es\/produccion-de-eventos\/#breadcrumb\"},\"inLanguage\":\"es\",\"potentialAction\":[{\"@type\":\"ReadAction\",\"target\":[\"https:\/\/insidecontent.tv\/es\/produccion-de-eventos\/\"]}]},{\"@type\":\"BreadcrumbList\",\"@id\":\"https:\/\/insidecontent.tv\/es\/produccion-de-eventos\/#breadcrumb\",\"itemListElement\":[{\"@type\":\"ListItem\",\"position\":1,\"name\":\"Portada\",\"item\":\"https:\/\/insidecontent.tv\/es\/\"},{\"@type\":\"ListItem\",\"position\":2,\"name\":\"PRODUCCI\u00d3N DE EVENTOS\"}]},{\"@type\":\"WebSite\",\"@id\":\"https:\/\/insidecontent.tv\/#website\",\"url\":\"https:\/\/insidecontent.tv\/\",\"name\":\"Inside Content\",\"description\":\"Inside content\",\"potentialAction\":[{\"@type\":\"SearchAction\",\"target\":{\"@type\":\"EntryPoint\",\"urlTemplate\":\"https:\/\/insidecontent.tv\/?s={search_term_string}\"},\"query-input\":\"required name=search_term_string\"}],\"inLanguage\":\"es\"}]}<\/script>\n<!-- \/ Yoast SEO plugin. -->","yoast_head_json":{"title":"PRODUCCI\u00d3N DE EVENTOS - Inside Content","description":"INSIDE CONTENT produce eventos internacionales y profesionales del sector audiovisual como Conecta FICTION & ENTERTAINMENT, Conecta DIGITAL, ONSERIES LISBOA y acoge la semi final en Espa\u00f1a de los premios internacionales, los EMMYS.","robots":{"index":"index","follow":"follow","max-snippet":"max-snippet:-1","max-image-preview":"max-image-preview:large","max-video-preview":"max-video-preview:-1"},"canonical":"https:\/\/insidecontent.tv\/es\/produccion-de-eventos\/","og_locale":"es_ES","og_type":"article","og_title":"PRODUCCI\u00d3N DE EVENTOS - Inside Content","og_description":"INSIDE CONTENT produce eventos internacionales y profesionales del sector audiovisual como Conecta FICTION & ENTERTAINMENT, Conecta DIGITAL, ONSERIES LISBOA y acoge la semi final en Espa\u00f1a de los premios internacionales, los EMMYS.","og_url":"https:\/\/insidecontent.tv\/es\/produccion-de-eventos\/","og_site_name":"Inside Content","article_modified_time":"2025-01-09T13:21:53+00:00","twitter_card":"summary_large_image","twitter_misc":{"Tiempo de lectura":"2 minutos"},"schema":{"@context":"https:\/\/schema.org","@graph":[{"@type":"WebPage","@id":"https:\/\/insidecontent.tv\/es\/produccion-de-eventos\/","url":"https:\/\/insidecontent.tv\/es\/produccion-de-eventos\/","name":"PRODUCCI\u00d3N DE EVENTOS - Inside Content","isPartOf":{"@id":"https:\/\/insidecontent.tv\/#website"},"datePublished":"2018-12-07T22:00:44+00:00","dateModified":"2025-01-09T13:21:53+00:00","description":"INSIDE CONTENT produce eventos internacionales y profesionales del sector audiovisual como Conecta FICTION & ENTERTAINMENT, Conecta DIGITAL, ONSERIES LISBOA y acoge la semi final en Espa\u00f1a de los premios internacionales, los EMMYS.","breadcrumb":{"@id":"https:\/\/insidecontent.tv\/es\/produccion-de-eventos\/#breadcrumb"},"inLanguage":"es","potentialAction":[{"@type":"ReadAction","target":["https:\/\/insidecontent.tv\/es\/produccion-de-eventos\/"]}]},{"@type":"BreadcrumbList","@id":"https:\/\/insidecontent.tv\/es\/produccion-de-eventos\/#breadcrumb","itemListElement":[{"@type":"ListItem","position":1,"name":"Portada","item":"https:\/\/insidecontent.tv\/es\/"},{"@type":"ListItem","position":2,"name":"PRODUCCI\u00d3N DE EVENTOS"}]},{"@type":"WebSite","@id":"https:\/\/insidecontent.tv\/#website","url":"https:\/\/insidecontent.tv\/","name":"Inside Content","description":"Inside content","potentialAction":[{"@type":"SearchAction","target":{"@type":"EntryPoint","urlTemplate":"https:\/\/insidecontent.tv\/?s={search_term_string}"},"query-input":"required name=search_term_string"}],"inLanguage":"es"}]}},"_links":{"self":[{"href":"https:\/\/insidecontent.tv\/es\/wp-json\/wp\/v2\/pages\/7525"}],"collection":[{"href":"https:\/\/insidecontent.tv\/es\/wp-json\/wp\/v2\/pages"}],"about":[{"href":"https:\/\/insidecontent.tv\/es\/wp-json\/wp\/v2\/types\/page"}],"author":[{"embeddable":true,"href":"https:\/\/insidecontent.tv\/es\/wp-json\/wp\/v2\/users\/1"}],"replies":[{"embeddable":true,"href":"https:\/\/insidecontent.tv\/es\/wp-json\/wp\/v2\/comments?post=7525"}],"version-history":[{"count":28,"href":"https:\/\/insidecontent.tv\/es\/wp-json\/wp\/v2\/pages\/7525\/revisions"}],"predecessor-version":[{"id":8615,"href":"https:\/\/insidecontent.tv\/es\/wp-json\/wp\/v2\/pages\/7525\/revisions\/8615"}],"wp:attachment":[{"href":"https:\/\/insidecontent.tv\/es\/wp-json\/wp\/v2\/media?parent=7525"}],"curies":[{"name":"wp","href":"https:\/\/api.w.org\/{rel}","templated":true}]}}