{"id":7508,"date":"2018-12-07T21:54:20","date_gmt":"2018-12-07T21:54:20","guid":{"rendered":"https:\/\/insidecontent.tv\/?page_id=7508\/"},"modified":"2025-01-09T13:12:08","modified_gmt":"2025-01-09T13:12:08","slug":"consultoria","status":"publish","type":"page","link":"https:\/\/insidecontent.tv\/es\/consultoria\/","title":{"rendered":"Asesoramiento"},"content":{"rendered":"<p>[vc_row column_type=\u00bbblock\u00bb full_height=\u00bbyes\u00bb shift_y=\u00bb0&#8243; z_index=\u00bb68&#8243; css=\u00bb.vc_custom_1544219609636{margin-left: 0px !important;border-left-width: 0px !important;}\u00bb][vc_column width=\u00bb1\/2&#8243; background_type=\u00bbimage\u00bb background_size=\u00bbdefault\u00bb background_img_lazyload=\u00bb1&#8243; shift_x=\u00bb0&#8243; shift_y=\u00bb0&#8243; z_index=\u00bb0&#8243; max_width=\u00bb500&#8243;][vc_custom_heading text=\u00bbAsesoramiento\u00bb font_size=\u00bb55&#8243; font_family=\u00bb\u00bb color=\u00bbaccent\u00bb font_weight=\u00bb400&#8243; css=\u00bb.vc_custom_1736428308733{margin-bottom: 15px !important;}\u00bb css_animation=\u00bbfadeInUp\u00bb][vc_single_image image=\u00bb7343&#8243; full_width=\u00bb\u00bb opacity=\u00bb100&#8243; css_animation=\u00bbfade\u00bb][vc_column_text css_animation=\u00bbfadeIn\u00bb css_animation_delay=\u00bb200&#8243;]En menos de una generaci\u00f3n, nuestra forma de producir, transmitir y consumir contenido audiovisual ha cambiado radicalmente. No hay duda de que Internet y la llegada de las plataformas se han convertido en los principales motores de estos cambios surgidos tan r\u00e1pidamente, tanto es as\u00ed que nadie se atreve a predecir el futuro del sector audiovisual.<\/p>\n<p>En INSIDE CONTENT, creemos firmemente que esta revoluci\u00f3n digital es una gran oportunidad para nuestro sector. Se han abierto nuevos horizontes, han llegado nuevos clientes y proveedores, y nunca se ha creado y consumido tanto contenido. Pero al mismo tiempo el mercado es ahora m\u00e1s complejo y global, adem\u00e1s de competitivo.<\/p>\n<p><strong>Queremos acompa\u00f1ar a nuestros clientes en estos momentos de cambios tan radicales y aconsejarlos para que su negocio crezca y su proyecto se realice.<\/strong> Por eso ofrecemos un servicio de consultor\u00eda a la carta, que adaptamos en funci\u00f3n de sus necesidades y objetivos, ya sea un productor, un distribuidor, un canal de televisi\u00f3n, una plataforma o un talento.<\/p>\n<p>Con un <strong>equipo altamente profesional con m\u00e1s de 20 a\u00f1os de experiencia a nivel nacional e internacional, y a trav\u00e9s de una amplia red de contactos, tenemos una gran experiencia en contenido de ficci\u00f3n, pel\u00edculas y programas<\/strong> tanto en territorios americanos como europeos.[\/vc_column_text][\/vc_column][vc_column content_type=\u00bbblock-media\u00bb width=\u00bb1\/2&#8243; background_type=\u00bbimage\u00bb background_img=\u00bb8346&#8243; background_effect=\u00bbparallax\u00bb background_img_lazyload=\u00bb1&#8243; add_overlay=\u00bbyes\u00bb overlay_color=\u00bbaccent\u00bb overlay_opacity=\u00bb60&#8243; shift_x=\u00bb0&#8243; shift_y=\u00bb0&#8243; z_index=\u00bb0&#8243; border_color=\u00bbwhite\u00bb css=\u00bb.vc_custom_1661877362013{border-top-width: 80px !important;border-right-width: 80px !important;border-bottom-width: 80px !important;border-left-width: 80px !important;}\u00bb][wvc_admin_helper_text comment=\u00bbThe image is set in the column background settings.\u00bb][vc_empty_space height=\u00bb600&#8243;][\/vc_column][\/vc_row][vc_row column_type=\u00bbblock\u00bb shift_y=\u00bb0&#8243; z_index=\u00bb0&#8243; min_height=\u00bb500&#8243;][vc_column content_type=\u00bbblock-media\u00bb width=\u00bb1\/2&#8243; background_type=\u00bbimage\u00bb background_img=\u00bb8347&#8243; background_effect=\u00bbparallax\u00bb background_img_lazyload=\u00bb1&#8243; add_overlay=\u00bbyes\u00bb overlay_color=\u00bbaccent\u00bb overlay_opacity=\u00bb60&#8243; shift_x=\u00bb0&#8243; shift_y=\u00bb0&#8243; z_index=\u00bb0&#8243; border_color=\u00bbwhite\u00bb css=\u00bb.vc_custom_1661877379644{border-top-width: 80px !important;border-right-width: 80px !important;border-bottom-width: 80px !important;border-left-width: 80px !important;}\u00bb][wvc_admin_helper_text comment=\u00bbThe image is set in the column background settings.\u00bb][vc_empty_space height=\u00bb600&#8243;][\/vc_column][vc_column width=\u00bb1\/2&#8243; background_type=\u00bbimage\u00bb background_size=\u00bbdefault\u00bb background_img_lazyload=\u00bb1&#8243; shift_x=\u00bb0&#8243; shift_y=\u00bb0&#8243; z_index=\u00bb0&#8243; max_width=\u00bb500&#8243;][vc_single_image image=\u00bb7343&#8243; full_width=\u00bb\u00bb opacity=\u00bb100&#8243; css_animation=\u00bbfade\u00bb][vc_column_text css_animation=\u00bbfadeIn\u00bb css_animation_delay=\u00bb200&#8243;]Nuestro conocimiento y experiencia cubre diferentes \u00e1reas:<\/p>\n<ul>\n<li><strong>Estudios de mercado, tendencias sobre la industria y nuevos canales<\/strong><\/li>\n<li><strong>Servicios de asesor\u00eda para la adquisici\u00f3n y venta de contenidos<\/strong><\/li>\n<li><strong>Consultor\u00eda art\u00edstica y editorial en portafolio de contenidos<\/strong><\/li>\n<li><strong>Estrategia de marca, promoci\u00f3n y posicionamiento, tanto a nivel nacional como internacional<\/strong><\/li>\n<li><strong>Prospecci\u00f3n de nuevos clientes y negociaci\u00f3n de acuerdos<\/strong><\/li>\n<li><strong>Identificaci\u00f3n de nuevos socios y establecimiento de alianzas<\/strong><\/li>\n<li><strong>B\u00fasqueda de financiaci\u00f3n de proyectos<\/strong><\/li>\n<li><strong>Identificaci\u00f3n del talento<\/strong><\/li>\n<\/ul>\n<p>[\/vc_column_text][\/vc_column][\/vc_row]<\/p>\n","protected":false},"excerpt":{"rendered":"<p>[vc_row column_type=\u00bbblock\u00bb full_height=\u00bbyes\u00bb shift_y=\u00bb0&#8243; z_index=\u00bb68&#8243; css=\u00bb.vc_custom_1544219609636{margin-left: 0px !important;border-left-width: 0px !important;}\u00bb][vc_column width=\u00bb1\/2&#8243; background_type=\u00bbimage\u00bb background_size=\u00bbdefault\u00bb background_img_lazyload=\u00bb1&#8243; shift_x=\u00bb0&#8243; shift_y=\u00bb0&#8243; z_index=\u00bb0&#8243; max_width=\u00bb500&#8243;][vc_custom_heading text=\u00bbAsesoramiento\u00bb font_size=\u00bb55&#8243; font_family=\u00bb\u00bb color=\u00bbaccent\u00bb font_weight=\u00bb400&#8243; css=\u00bb.vc_custom_1736428308733{margin-bottom: 15px !important;}\u00bb css_animation=\u00bbfadeInUp\u00bb][vc_single_image image=\u00bb7343&#8243; full_width=\u00bb\u00bb opacity=\u00bb100&#8243; css_animation=\u00bbfade\u00bb][vc_column_text css_animation=\u00bbfadeIn\u00bb css_animation_delay=\u00bb200&#8243;]En menos de una generaci\u00f3n, nuestra forma de producir, transmitir y consumir contenido audiovisual ha cambiado radicalmente. No hay duda de que Internet&#8230;<\/p>\n<p><a rel=\"bookmark\" class=\"superflick_button_alt2 wvc-button wvc-button-size-xs\" href=\"https:\/\/insidecontent.tv\/es\/consultoria\/\"><span>Continue reading<\/span><\/a><\/p>\n","protected":false},"author":1,"featured_media":0,"parent":0,"menu_order":0,"comment_status":"closed","ping_status":"closed","template":"","meta":{"_exactmetrics_skip_tracking":false,"_exactmetrics_sitenote_active":false,"_exactmetrics_sitenote_note":"","_exactmetrics_sitenote_category":0,"footnotes":""},"yoast_head":"<!-- This site is optimized with the Yoast SEO plugin v22.4 - https:\/\/yoast.com\/wordpress\/plugins\/seo\/ -->\n<title>Asesoramiento - Inside Content<\/title>\n<meta name=\"robots\" content=\"index, follow, max-snippet:-1, max-image-preview:large, max-video-preview:-1\" \/>\n<link rel=\"canonical\" href=\"https:\/\/insidecontent.tv\/es\/consultoria\/\" \/>\n<meta property=\"og:locale\" content=\"es_ES\" \/>\n<meta property=\"og:type\" content=\"article\" \/>\n<meta property=\"og:title\" content=\"Asesoramiento - Inside Content\" \/>\n<meta property=\"og:description\" content=\"[vc_row column_type=\u00bbblock\u00bb full_height=\u00bbyes\u00bb shift_y=\u00bb0&#8243; z_index=\u00bb68&#8243; css=\u00bb.vc_custom_1544219609636{margin-left: 0px !important;border-left-width: 0px !important;}\u00bb][vc_column width=\u00bb1\/2&#8243; background_type=\u00bbimage\u00bb background_size=\u00bbdefault\u00bb background_img_lazyload=\u00bb1&#8243; shift_x=\u00bb0&#8243; shift_y=\u00bb0&#8243; z_index=\u00bb0&#8243; max_width=\u00bb500&#8243;][vc_custom_heading text=\u00bbAsesoramiento\u00bb font_size=\u00bb55&#8243; font_family=\u00bb\u00bb color=\u00bbaccent\u00bb font_weight=\u00bb400&#8243; css=\u00bb.vc_custom_1736428308733{margin-bottom: 15px !important;}\u00bb css_animation=\u00bbfadeInUp\u00bb][vc_single_image image=\u00bb7343&#8243; full_width=\u00bb\u00bb opacity=\u00bb100&#8243; css_animation=\u00bbfade\u00bb][vc_column_text css_animation=\u00bbfadeIn\u00bb css_animation_delay=\u00bb200&#8243;]En menos de una generaci\u00f3n, nuestra forma de producir, transmitir y consumir contenido audiovisual ha cambiado radicalmente. No hay duda de que Internet...Continue reading\" \/>\n<meta property=\"og:url\" content=\"https:\/\/insidecontent.tv\/es\/consultoria\/\" \/>\n<meta property=\"og:site_name\" content=\"Inside Content\" \/>\n<meta property=\"article:modified_time\" content=\"2025-01-09T13:12:08+00:00\" \/>\n<meta name=\"twitter:card\" content=\"summary_large_image\" \/>\n<meta name=\"twitter:label1\" content=\"Tiempo de lectura\" \/>\n\t<meta name=\"twitter:data1\" content=\"2 minutos\" \/>\n<script type=\"application\/ld+json\" class=\"yoast-schema-graph\">{\"@context\":\"https:\/\/schema.org\",\"@graph\":[{\"@type\":\"WebPage\",\"@id\":\"https:\/\/insidecontent.tv\/es\/consultoria\/\",\"url\":\"https:\/\/insidecontent.tv\/es\/consultoria\/\",\"name\":\"Asesoramiento - Inside Content\",\"isPartOf\":{\"@id\":\"https:\/\/insidecontent.tv\/#website\"},\"datePublished\":\"2018-12-07T21:54:20+00:00\",\"dateModified\":\"2025-01-09T13:12:08+00:00\",\"breadcrumb\":{\"@id\":\"https:\/\/insidecontent.tv\/es\/consultoria\/#breadcrumb\"},\"inLanguage\":\"es\",\"potentialAction\":[{\"@type\":\"ReadAction\",\"target\":[\"https:\/\/insidecontent.tv\/es\/consultoria\/\"]}]},{\"@type\":\"BreadcrumbList\",\"@id\":\"https:\/\/insidecontent.tv\/es\/consultoria\/#breadcrumb\",\"itemListElement\":[{\"@type\":\"ListItem\",\"position\":1,\"name\":\"Portada\",\"item\":\"https:\/\/insidecontent.tv\/es\/\"},{\"@type\":\"ListItem\",\"position\":2,\"name\":\"Asesoramiento\"}]},{\"@type\":\"WebSite\",\"@id\":\"https:\/\/insidecontent.tv\/#website\",\"url\":\"https:\/\/insidecontent.tv\/\",\"name\":\"Inside Content\",\"description\":\"Inside content\",\"potentialAction\":[{\"@type\":\"SearchAction\",\"target\":{\"@type\":\"EntryPoint\",\"urlTemplate\":\"https:\/\/insidecontent.tv\/?s={search_term_string}\"},\"query-input\":\"required name=search_term_string\"}],\"inLanguage\":\"es\"}]}<\/script>\n<!-- \/ Yoast SEO plugin. -->","yoast_head_json":{"title":"Asesoramiento - Inside Content","robots":{"index":"index","follow":"follow","max-snippet":"max-snippet:-1","max-image-preview":"max-image-preview:large","max-video-preview":"max-video-preview:-1"},"canonical":"https:\/\/insidecontent.tv\/es\/consultoria\/","og_locale":"es_ES","og_type":"article","og_title":"Asesoramiento - Inside Content","og_description":"[vc_row column_type=\u00bbblock\u00bb full_height=\u00bbyes\u00bb shift_y=\u00bb0&#8243; z_index=\u00bb68&#8243; css=\u00bb.vc_custom_1544219609636{margin-left: 0px !important;border-left-width: 0px !important;}\u00bb][vc_column width=\u00bb1\/2&#8243; background_type=\u00bbimage\u00bb background_size=\u00bbdefault\u00bb background_img_lazyload=\u00bb1&#8243; shift_x=\u00bb0&#8243; shift_y=\u00bb0&#8243; z_index=\u00bb0&#8243; max_width=\u00bb500&#8243;][vc_custom_heading text=\u00bbAsesoramiento\u00bb font_size=\u00bb55&#8243; font_family=\u00bb\u00bb color=\u00bbaccent\u00bb font_weight=\u00bb400&#8243; css=\u00bb.vc_custom_1736428308733{margin-bottom: 15px !important;}\u00bb css_animation=\u00bbfadeInUp\u00bb][vc_single_image image=\u00bb7343&#8243; full_width=\u00bb\u00bb opacity=\u00bb100&#8243; css_animation=\u00bbfade\u00bb][vc_column_text css_animation=\u00bbfadeIn\u00bb css_animation_delay=\u00bb200&#8243;]En menos de una generaci\u00f3n, nuestra forma de producir, transmitir y consumir contenido audiovisual ha cambiado radicalmente. No hay duda de que Internet...Continue reading","og_url":"https:\/\/insidecontent.tv\/es\/consultoria\/","og_site_name":"Inside Content","article_modified_time":"2025-01-09T13:12:08+00:00","twitter_card":"summary_large_image","twitter_misc":{"Tiempo de lectura":"2 minutos"},"schema":{"@context":"https:\/\/schema.org","@graph":[{"@type":"WebPage","@id":"https:\/\/insidecontent.tv\/es\/consultoria\/","url":"https:\/\/insidecontent.tv\/es\/consultoria\/","name":"Asesoramiento - Inside Content","isPartOf":{"@id":"https:\/\/insidecontent.tv\/#website"},"datePublished":"2018-12-07T21:54:20+00:00","dateModified":"2025-01-09T13:12:08+00:00","breadcrumb":{"@id":"https:\/\/insidecontent.tv\/es\/consultoria\/#breadcrumb"},"inLanguage":"es","potentialAction":[{"@type":"ReadAction","target":["https:\/\/insidecontent.tv\/es\/consultoria\/"]}]},{"@type":"BreadcrumbList","@id":"https:\/\/insidecontent.tv\/es\/consultoria\/#breadcrumb","itemListElement":[{"@type":"ListItem","position":1,"name":"Portada","item":"https:\/\/insidecontent.tv\/es\/"},{"@type":"ListItem","position":2,"name":"Asesoramiento"}]},{"@type":"WebSite","@id":"https:\/\/insidecontent.tv\/#website","url":"https:\/\/insidecontent.tv\/","name":"Inside Content","description":"Inside content","potentialAction":[{"@type":"SearchAction","target":{"@type":"EntryPoint","urlTemplate":"https:\/\/insidecontent.tv\/?s={search_term_string}"},"query-input":"required name=search_term_string"}],"inLanguage":"es"}]}},"_links":{"self":[{"href":"https:\/\/insidecontent.tv\/es\/wp-json\/wp\/v2\/pages\/7508"}],"collection":[{"href":"https:\/\/insidecontent.tv\/es\/wp-json\/wp\/v2\/pages"}],"about":[{"href":"https:\/\/insidecontent.tv\/es\/wp-json\/wp\/v2\/types\/page"}],"author":[{"embeddable":true,"href":"https:\/\/insidecontent.tv\/es\/wp-json\/wp\/v2\/users\/1"}],"replies":[{"embeddable":true,"href":"https:\/\/insidecontent.tv\/es\/wp-json\/wp\/v2\/comments?post=7508"}],"version-history":[{"count":11,"href":"https:\/\/insidecontent.tv\/es\/wp-json\/wp\/v2\/pages\/7508\/revisions"}],"predecessor-version":[{"id":8611,"href":"https:\/\/insidecontent.tv\/es\/wp-json\/wp\/v2\/pages\/7508\/revisions\/8611"}],"wp:attachment":[{"href":"https:\/\/insidecontent.tv\/es\/wp-json\/wp\/v2\/media?parent=7508"}],"curies":[{"name":"wp","href":"https:\/\/api.w.org\/{rel}","templated":true}]}}