{"id":7480,"date":"2018-11-27T22:43:32","date_gmt":"2018-11-27T22:43:32","guid":{"rendered":"https:\/\/insidecontent.tv\/?page_id=7480\/"},"modified":"2025-01-17T16:17:11","modified_gmt":"2025-01-17T16:17:11","slug":"quienes-somos","status":"publish","type":"page","link":"https:\/\/insidecontent.tv\/es\/quienes-somos\/","title":{"rendered":"Qui\u00e9nes somos"},"content":{"rendered":"<p>[vc_row][vc_column][vc_single_image image=\u00bb7343&#8243; full_width=\u00bb\u00bb opacity=\u00bb100&#8243; max_width=\u00bb90%\u00bb][vc_column_text]Fundada en 2016 por G\u00e9raldine Gonard, ejecutiva con amplia experiencia en el sector audiovisual, INSIDE CONTENT <b>se centra en el dise\u00f1o, la financiaci\u00f3n y la organizaci\u00f3n de eventos para la industria audiovisual.\u00a0 <\/b>La empresa ofrece tambi\u00e9n <b>servicios de asesoramiento <\/b>a empresas de la industria nacional e internacional.<\/p>\n<p><b>Con un equipo procedente de la industria audiovisual <\/b>y un enfoque internacional, INSIDE CONTENT trabaja cada d\u00eda para construir una industria audiovisual potente.<\/p>\n<h2><a href=\"https:\/\/insidecontent.tv\/es\/produccion-de-eventos\/\">PRODUCCI\u00d3N DE EVENTOS<\/a><\/h2>\n<p>En <strong>INSIDE CONTENT<\/strong>, dise\u00f1amos, organizamos y producimos\u00a0 varios eventos internacionales del sector\u00a0 audiovisual especializados en tem\u00e1ticas de cine, series,\u00a0 animaci\u00f3n, programas, podcast, m\u00fasica y videojuegos. Todos los eventos se han\u00a0 posicionados como referentes en el sector internacional.<\/p>\n<p>Los eventos est\u00e1n dirigidos al mercado nacional e internacional, y \u00a0con una clara vocaci\u00f3n de fomentar los acuerdos y la \u00a0internacionalizaci\u00f3n de los profesionales del sector.<\/p>\n<p>Desde el 2017, la entidad ha organizado 8 ediciones de <b>Conecta FICTION &amp; ENTERTAINMENT <\/b>\u00a0en formato hibrido en diferentes regiones de Espa\u00f1a, una edici\u00f3n de <b>ONSERIES LISBOA<\/b>, 5 ediciones de la <b>Ronda Semifinal de los Premios Emmy\u00ae Internacional <\/b>en Espa\u00f1a, y una edici\u00f3n de <b>Conecta DIGITAL <\/b>en Madrid. Sus eventos de diferentes tama\u00f1os re\u00fanen entre 250 a 1000 profesionales en cada de sus ediciones.<\/p>\n<h2><a href=\"https:\/\/insidecontent.tv\/es\/asesoramiento\/\">ASESORAMIENTO<\/a><\/h2>\n<p>El equipo de <b>INSIDE<\/b> <b>CONTENT<\/b> ofrece servicios de\u00a0 asesoramiento y consultor\u00eda a productoras, canales \u00a0de televisi\u00f3n, talentos e instituciones para b\u00fasqueda \u00a0de financiaci\u00f3n de proyectos y distribuci\u00f3n de contenido.<\/p>\n<p>En <b>INSIDE<\/b> <b>CONTENT<\/b>, creemos firmemente que los cambios de consumo de contenidos son una gran oportunidad \u00a0para nuestro sector. Se han abierto nuevos horizontes. \u00a0Han llegado nuevos clientes y proveedores. Nunca se \u00a0ha creado y consumido tanto contenido. Al mismo \u00a0tiempo el mercado es ahora m\u00e1s complejo y global, \u00a0adem\u00e1s de ser competitivo.<\/p>\n<p>Acompa\u00f1amos a nuestros clientes en estos momentos \u00a0de cambios tan radicales y les aconsejamos para que \u00a0su negocio crezca y su proyecto se realice. Ofrecemos un servicio de consultor\u00eda personalizado, que adaptamos en funci\u00f3n de sus necesidades y objetivos, ya sea un \u00a0productor, un distribuidor, un canal de televisi\u00f3n, una plataforma o un talento.<\/p>\n<p><img loading=\"lazy\" decoding=\"async\" class=\"alignnone size-full wp-image-8602 aligncenter\" src=\"https:\/\/insidecontent.tv\/wp-content\/uploads\/2025\/01\/IC-simbolo-60px.png\" alt=\"\" width=\"63\" height=\"35\" \/><\/p>\n<p>En 2020, INSIDE CONTENT recibi\u00f3 el Premio a la Excelencia Empresarial a los Mejores Expertos en Eventos de la Industria Audiovisual (Espa\u00f1a), otorgado por la revista \u00abAcquisition International\u00bb.<\/p>\n<p>G\u00e9raldine Gonard es miembro de la Academia Internacional de las Ciencias y las Artes de Televisi\u00f3n (EMMYS) y es miembro de la Junta de La Academia de Televisi\u00f3n y de las Ciencias y Artes del Audiovisual de Espa\u00f1a. En 2024 fue nombrada Caballero de la Orden de las Artes y las Letras por el Ministerio de Cultura franc\u00e9s.[\/vc_column_text][\/vc_column][\/vc_row][vc_row column_type=\u00bbblock\u00bb font_color=\u00bblight\u00bb shift_y=\u00bb0&#8243; z_index=\u00bb0&#8243;][vc_column content_type=\u00bbblock-media\u00bb width=\u00bb1\/4&#8243; shift_x=\u00bb0&#8243; shift_y=\u00bb0&#8243; z_index=\u00bb0&#8243;][wvc_team_member img_size=\u00bbfull\u00bb layout=\u00bboverlay\u00bb overlay_opacity=\u00bb95&#8243; title_font_family=\u00bbRubik\u00bb title_font_size=\u00bb34&#8243; title_font_weight=\u00bb500&#8243; title_text_transform=\u00bb\u00bb show_socials=\u00bbtrue\u00bb image_id=\u00bb8515&#8243; role=\u00bbFundadora y CEO\u00bb name=\u00bbG\u00e9raldine Gonard\u00bb css_animation=\u00bbfadeIn\u00bb link=\u00bb|||\u00bb tagline=\u00bbggonard@insidecontent.tv<br \/>\n+3468695921&#8243; email=\u00bbggonard@insidecontent.tv\u00bb facebook=\u00bbhttps:\/\/www.facebook.com\/profile.php?id=100012337605969&#8243; twitter=\u00bbhttps:\/\/twitter.com\/GGONARD\u00bb linkedin=\u00bbhttps:\/\/www.linkedin.com\/in\/geraldinegonard\u00bb][\/vc_column][vc_column content_type=\u00bbblock-media\u00bb width=\u00bb1\/4&#8243; shift_x=\u00bb0&#8243; shift_y=\u00bb0&#8243; z_index=\u00bb0&#8243;][wvc_team_member img_size=\u00bbfull\u00bb layout=\u00bboverlay\u00bb overlay_opacity=\u00bb95&#8243; title_font_family=\u00bbRubik\u00bb title_font_size=\u00bb34&#8243; title_font_weight=\u00bb500&#8243; title_text_transform=\u00bb\u00bb show_socials=\u00bbtrue\u00bb image_id=\u00bb8634&#8243; role=\u00bbEjecutivo de Desarrollo de Negocio\u00bb name=\u00bbPablo Barrios\u00bb css_animation=\u00bbfadeIn\u00bb link=\u00bb|||\u00bb tagline=\u00bbpbarrios@insidecontent.tv<br \/>\n+34915155875&#8243; email=\u00bbggonard@insidecontent.tv\u00bb linkedin=\u00bbhttps:\/\/www.linkedin.com\/in\/pabloabarmar\/\u00bb][\/vc_column][vc_column content_type=\u00bbblock-media\u00bb width=\u00bb1\/4&#8243; shift_x=\u00bb0&#8243; shift_y=\u00bb0&#8243; z_index=\u00bb0&#8243;][wvc_team_member img_size=\u00bbfull\u00bb layout=\u00bboverlay\u00bb overlay_opacity=\u00bb95&#8243; title_font_family=\u00bbRubik\u00bb title_font_size=\u00bb34&#8243; title_font_weight=\u00bb500&#8243; title_text_transform=\u00bb\u00bb show_socials=\u00bbtrue\u00bb image_id=\u00bb8639&#8243; role=\u00bbEjecutiva de Programaci\u00f3n\u00bb name=\u00bbLuc\u00eda V\u00e1zquez \u00bb css_animation=\u00bbfadeIn\u00bb link=\u00bb|||\u00bb tagline=\u00bblvazquez@insidecontent.tv<br \/>\n+34915155875&#8243; email=\u00bblvazquez@insidecontent.tv\u00bb linkedin=\u00bbhttps:\/\/www.linkedin.com\/in\/luc%C3%ADa-v%C3%A1zquez-fern%C3%A1ndez\/\u00bb][\/vc_column][vc_column content_type=\u00bbblock-media\u00bb width=\u00bb1\/4&#8243; shift_x=\u00bb0&#8243; shift_y=\u00bb0&#8243; z_index=\u00bb0&#8243;][wvc_team_member img_size=\u00bbfull\u00bb layout=\u00bboverlay\u00bb overlay_opacity=\u00bb95&#8243; title_font_family=\u00bbRubik\u00bb title_font_size=\u00bb34&#8243; title_font_weight=\u00bb500&#8243; title_text_transform=\u00bb\u00bb show_socials=\u00bbtrue\u00bb image_id=\u00bb8641&#8243; role=\u00bbAsistente de Marketing y Ventas\u00bb name=\u00bbJon Novas\u00bb css_animation=\u00bbfadeIn\u00bb link=\u00bb|||\u00bb tagline=\u00bbjnovas@insidecontent.tv<br \/>\n+34915155875&#8243; email=\u00bbggonard@insidecontent.tv\u00bb linkedin=\u00bbhttps:\/\/www.linkedin.com\/in\/jon-novas-lario\/\u00bb][\/vc_column][\/vc_row]<\/p>\n","protected":false},"excerpt":{"rendered":"<p>[vc_row][vc_column][vc_single_image image=\u00bb7343&#8243; full_width=\u00bb\u00bb opacity=\u00bb100&#8243; max_width=\u00bb90%\u00bb][vc_column_text]Fundada en 2016 por G\u00e9raldine Gonard, ejecutiva con amplia experiencia en el sector audiovisual, INSIDE CONTENT se centra en el dise\u00f1o, la financiaci\u00f3n y la organizaci\u00f3n de eventos para la industria audiovisual.\u00a0 La empresa ofrece tambi\u00e9n servicios de asesoramiento a empresas de la industria nacional e internacional. Con un equipo procedente&#8230;<\/p>\n<p><a rel=\"bookmark\" class=\"superflick_button_alt2 wvc-button wvc-button-size-xs\" href=\"https:\/\/insidecontent.tv\/es\/quienes-somos\/\"><span>Continue reading<\/span><\/a><\/p>\n","protected":false},"author":1,"featured_media":0,"parent":0,"menu_order":0,"comment_status":"closed","ping_status":"closed","template":"","meta":{"_exactmetrics_skip_tracking":false,"_exactmetrics_sitenote_active":false,"_exactmetrics_sitenote_note":"","_exactmetrics_sitenote_category":0,"footnotes":""},"yoast_head":"<!-- This site is optimized with the Yoast SEO plugin v22.4 - https:\/\/yoast.com\/wordpress\/plugins\/seo\/ -->\n<title>Qui\u00e9nes somos - Inside Content<\/title>\n<meta name=\"robots\" content=\"index, follow, max-snippet:-1, max-image-preview:large, max-video-preview:-1\" \/>\n<link rel=\"canonical\" href=\"https:\/\/insidecontent.tv\/es\/quienes-somos\/\" \/>\n<meta property=\"og:locale\" content=\"es_ES\" \/>\n<meta property=\"og:type\" content=\"article\" \/>\n<meta property=\"og:title\" content=\"Qui\u00e9nes somos - Inside Content\" \/>\n<meta property=\"og:description\" content=\"[vc_row][vc_column][vc_single_image image=\u00bb7343&#8243; full_width=\u00bb\u00bb opacity=\u00bb100&#8243; max_width=\u00bb90%\u00bb][vc_column_text]Fundada en 2016 por G\u00e9raldine Gonard, ejecutiva con amplia experiencia en el sector audiovisual, INSIDE CONTENT se centra en el dise\u00f1o, la financiaci\u00f3n y la organizaci\u00f3n de eventos para la industria audiovisual.\u00a0 La empresa ofrece tambi\u00e9n servicios de asesoramiento a empresas de la industria nacional e internacional. Con un equipo procedente...Continue reading\" \/>\n<meta property=\"og:url\" content=\"https:\/\/insidecontent.tv\/es\/quienes-somos\/\" \/>\n<meta property=\"og:site_name\" content=\"Inside Content\" \/>\n<meta property=\"article:modified_time\" content=\"2025-01-17T16:17:11+00:00\" \/>\n<meta property=\"og:image\" content=\"https:\/\/insidecontent.tv\/wp-content\/uploads\/2025\/01\/IC-simbolo-60px.png\" \/>\n<meta name=\"twitter:card\" content=\"summary_large_image\" \/>\n<meta name=\"twitter:label1\" content=\"Tiempo de lectura\" \/>\n\t<meta name=\"twitter:data1\" content=\"3 minutos\" \/>\n<script type=\"application\/ld+json\" class=\"yoast-schema-graph\">{\"@context\":\"https:\/\/schema.org\",\"@graph\":[{\"@type\":\"WebPage\",\"@id\":\"https:\/\/insidecontent.tv\/es\/quienes-somos\/\",\"url\":\"https:\/\/insidecontent.tv\/es\/quienes-somos\/\",\"name\":\"Qui\u00e9nes somos - Inside Content\",\"isPartOf\":{\"@id\":\"https:\/\/insidecontent.tv\/#website\"},\"primaryImageOfPage\":{\"@id\":\"https:\/\/insidecontent.tv\/es\/quienes-somos\/#primaryimage\"},\"image\":{\"@id\":\"https:\/\/insidecontent.tv\/es\/quienes-somos\/#primaryimage\"},\"thumbnailUrl\":\"https:\/\/insidecontent.tv\/wp-content\/uploads\/2025\/01\/IC-simbolo-60px.png\",\"datePublished\":\"2018-11-27T22:43:32+00:00\",\"dateModified\":\"2025-01-17T16:17:11+00:00\",\"breadcrumb\":{\"@id\":\"https:\/\/insidecontent.tv\/es\/quienes-somos\/#breadcrumb\"},\"inLanguage\":\"es\",\"potentialAction\":[{\"@type\":\"ReadAction\",\"target\":[\"https:\/\/insidecontent.tv\/es\/quienes-somos\/\"]}]},{\"@type\":\"ImageObject\",\"inLanguage\":\"es\",\"@id\":\"https:\/\/insidecontent.tv\/es\/quienes-somos\/#primaryimage\",\"url\":\"https:\/\/insidecontent.tv\/wp-content\/uploads\/2025\/01\/IC-simbolo-60px.png\",\"contentUrl\":\"https:\/\/insidecontent.tv\/wp-content\/uploads\/2025\/01\/IC-simbolo-60px.png\"},{\"@type\":\"BreadcrumbList\",\"@id\":\"https:\/\/insidecontent.tv\/es\/quienes-somos\/#breadcrumb\",\"itemListElement\":[{\"@type\":\"ListItem\",\"position\":1,\"name\":\"Portada\",\"item\":\"https:\/\/insidecontent.tv\/es\/\"},{\"@type\":\"ListItem\",\"position\":2,\"name\":\"Qui\u00e9nes somos\"}]},{\"@type\":\"WebSite\",\"@id\":\"https:\/\/insidecontent.tv\/#website\",\"url\":\"https:\/\/insidecontent.tv\/\",\"name\":\"Inside Content\",\"description\":\"Inside content\",\"potentialAction\":[{\"@type\":\"SearchAction\",\"target\":{\"@type\":\"EntryPoint\",\"urlTemplate\":\"https:\/\/insidecontent.tv\/?s={search_term_string}\"},\"query-input\":\"required name=search_term_string\"}],\"inLanguage\":\"es\"}]}<\/script>\n<!-- \/ Yoast SEO plugin. -->","yoast_head_json":{"title":"Qui\u00e9nes somos - Inside Content","robots":{"index":"index","follow":"follow","max-snippet":"max-snippet:-1","max-image-preview":"max-image-preview:large","max-video-preview":"max-video-preview:-1"},"canonical":"https:\/\/insidecontent.tv\/es\/quienes-somos\/","og_locale":"es_ES","og_type":"article","og_title":"Qui\u00e9nes somos - Inside Content","og_description":"[vc_row][vc_column][vc_single_image image=\u00bb7343&#8243; full_width=\u00bb\u00bb opacity=\u00bb100&#8243; max_width=\u00bb90%\u00bb][vc_column_text]Fundada en 2016 por G\u00e9raldine Gonard, ejecutiva con amplia experiencia en el sector audiovisual, INSIDE CONTENT se centra en el dise\u00f1o, la financiaci\u00f3n y la organizaci\u00f3n de eventos para la industria audiovisual.\u00a0 La empresa ofrece tambi\u00e9n servicios de asesoramiento a empresas de la industria nacional e internacional. Con un equipo procedente...Continue reading","og_url":"https:\/\/insidecontent.tv\/es\/quienes-somos\/","og_site_name":"Inside Content","article_modified_time":"2025-01-17T16:17:11+00:00","og_image":[{"url":"https:\/\/insidecontent.tv\/wp-content\/uploads\/2025\/01\/IC-simbolo-60px.png"}],"twitter_card":"summary_large_image","twitter_misc":{"Tiempo de lectura":"3 minutos"},"schema":{"@context":"https:\/\/schema.org","@graph":[{"@type":"WebPage","@id":"https:\/\/insidecontent.tv\/es\/quienes-somos\/","url":"https:\/\/insidecontent.tv\/es\/quienes-somos\/","name":"Qui\u00e9nes somos - Inside Content","isPartOf":{"@id":"https:\/\/insidecontent.tv\/#website"},"primaryImageOfPage":{"@id":"https:\/\/insidecontent.tv\/es\/quienes-somos\/#primaryimage"},"image":{"@id":"https:\/\/insidecontent.tv\/es\/quienes-somos\/#primaryimage"},"thumbnailUrl":"https:\/\/insidecontent.tv\/wp-content\/uploads\/2025\/01\/IC-simbolo-60px.png","datePublished":"2018-11-27T22:43:32+00:00","dateModified":"2025-01-17T16:17:11+00:00","breadcrumb":{"@id":"https:\/\/insidecontent.tv\/es\/quienes-somos\/#breadcrumb"},"inLanguage":"es","potentialAction":[{"@type":"ReadAction","target":["https:\/\/insidecontent.tv\/es\/quienes-somos\/"]}]},{"@type":"ImageObject","inLanguage":"es","@id":"https:\/\/insidecontent.tv\/es\/quienes-somos\/#primaryimage","url":"https:\/\/insidecontent.tv\/wp-content\/uploads\/2025\/01\/IC-simbolo-60px.png","contentUrl":"https:\/\/insidecontent.tv\/wp-content\/uploads\/2025\/01\/IC-simbolo-60px.png"},{"@type":"BreadcrumbList","@id":"https:\/\/insidecontent.tv\/es\/quienes-somos\/#breadcrumb","itemListElement":[{"@type":"ListItem","position":1,"name":"Portada","item":"https:\/\/insidecontent.tv\/es\/"},{"@type":"ListItem","position":2,"name":"Qui\u00e9nes somos"}]},{"@type":"WebSite","@id":"https:\/\/insidecontent.tv\/#website","url":"https:\/\/insidecontent.tv\/","name":"Inside Content","description":"Inside content","potentialAction":[{"@type":"SearchAction","target":{"@type":"EntryPoint","urlTemplate":"https:\/\/insidecontent.tv\/?s={search_term_string}"},"query-input":"required name=search_term_string"}],"inLanguage":"es"}]}},"_links":{"self":[{"href":"https:\/\/insidecontent.tv\/es\/wp-json\/wp\/v2\/pages\/7480"}],"collection":[{"href":"https:\/\/insidecontent.tv\/es\/wp-json\/wp\/v2\/pages"}],"about":[{"href":"https:\/\/insidecontent.tv\/es\/wp-json\/wp\/v2\/types\/page"}],"author":[{"embeddable":true,"href":"https:\/\/insidecontent.tv\/es\/wp-json\/wp\/v2\/users\/1"}],"replies":[{"embeddable":true,"href":"https:\/\/insidecontent.tv\/es\/wp-json\/wp\/v2\/comments?post=7480"}],"version-history":[{"count":59,"href":"https:\/\/insidecontent.tv\/es\/wp-json\/wp\/v2\/pages\/7480\/revisions"}],"predecessor-version":[{"id":8643,"href":"https:\/\/insidecontent.tv\/es\/wp-json\/wp\/v2\/pages\/7480\/revisions\/8643"}],"wp:attachment":[{"href":"https:\/\/insidecontent.tv\/es\/wp-json\/wp\/v2\/media?parent=7480"}],"curies":[{"name":"wp","href":"https:\/\/api.w.org\/{rel}","templated":true}]}}