{"id":7472,"date":"2018-11-27T09:13:04","date_gmt":"2018-11-27T09:13:04","guid":{"rendered":"https:\/\/insidecontent.tv\/?page_id=7472\/"},"modified":"2023-02-21T09:52:18","modified_gmt":"2023-02-21T09:52:18","slug":"distribucion","status":"publish","type":"page","link":"https:\/\/insidecontent.tv\/es\/distribucion\/","title":{"rendered":"Distribuci\u00f3n"},"content":{"rendered":"<p>[vc_row content_width=\u00bbsmall\u00bb full_height=\u00bbyes\u00bb columns_placement=\u00bbmiddle\u00bb equal_height=\u00bb\u00bb font_color=\u00bblight\u00bb background_type=\u00bbimage\u00bb background_img=\u00bb7989&#8243; background_img_lazyload=\u00bb1&#8243; add_overlay=\u00bbyes\u00bb overlay_opacity=\u00bb60&#8243; shift_y=\u00bb0&#8243; z_index=\u00bb0&#8243;][vc_column][vc_custom_heading text=\u00bbDistribuci\u00f3n\u00bb font_size=\u00bb96&#8243; font_family=\u00bbRubik\u00bb color=\u00bbaccent\u00bb font_weight=\u00bb400&#8243; css=\u00bb.vc_custom_1543309999505{margin-bottom: 0px !important;}\u00bb css_animation=\u00bbfadeInUp\u00bb][vc_single_image image=\u00bb7343&#8243; full_width=\u00bb\u00bb opacity=\u00bb100&#8243; css_animation=\u00bbfade\u00bb][vc_column_text css_animation=\u00bbfadeIn\u00bb css_animation_delay=\u00bb400&#8243;]<\/p>\n<p style=\"text-align: center;\"><span style=\"font-family: Rubik; font-size: 14pt;\">Desde INSIDE CONTENT Gestionamos derechos internacionales de largometrajes de diferentes g\u00e9neros para todo tipo de pantallas -cine y televisi\u00f3n- en todo el mundo. Nuestro cat\u00e1logo incluye t\u00edtulos tanto de nuevos talentos como de c\u00e9lebres directores y guionistas.<\/span><\/p>\n<p>[\/vc_column_text][vc_row_inner hide_class=\u00bbwvc-hide\u00bb][vc_column_inner][vc_button title=\u00bbIR A FEEL CONTENT\u00bb shape=\u00bbrounded-less-outline\u00bb size=\u00bbmd\u00bb hover_effect=\u00bbfill-horizontal\u00bb font_weight=\u00bb700&#8243; link=\u00bburl:http%3A%2F%2Ffeelcontentintsales.com%2F||target:%20_blank|\u00bb][\/vc_column_inner][\/vc_row_inner][\/vc_column][\/vc_row]<\/p>\n","protected":false},"excerpt":{"rendered":"<p>[vc_row content_width=\u00bbsmall\u00bb full_height=\u00bbyes\u00bb columns_placement=\u00bbmiddle\u00bb equal_height=\u00bb\u00bb font_color=\u00bblight\u00bb background_type=\u00bbimage\u00bb background_img=\u00bb7989&#8243; background_img_lazyload=\u00bb1&#8243; add_overlay=\u00bbyes\u00bb overlay_opacity=\u00bb60&#8243; shift_y=\u00bb0&#8243; z_index=\u00bb0&#8243;][vc_column][vc_custom_heading text=\u00bbDistribuci\u00f3n\u00bb font_size=\u00bb96&#8243; font_family=\u00bbRubik\u00bb color=\u00bbaccent\u00bb font_weight=\u00bb400&#8243; css=\u00bb.vc_custom_1543309999505{margin-bottom: 0px !important;}\u00bb css_animation=\u00bbfadeInUp\u00bb][vc_single_image image=\u00bb7343&#8243; full_width=\u00bb\u00bb opacity=\u00bb100&#8243; css_animation=\u00bbfade\u00bb][vc_column_text css_animation=\u00bbfadeIn\u00bb css_animation_delay=\u00bb400&#8243;] Desde INSIDE CONTENT Gestionamos derechos internacionales de largometrajes de diferentes g\u00e9neros para todo tipo de pantallas -cine y televisi\u00f3n- en todo el mundo. Nuestro cat\u00e1logo incluye t\u00edtulos&#8230;<\/p>\n<p><a rel=\"bookmark\" class=\"superflick_button_alt2 wvc-button wvc-button-size-xs\" href=\"https:\/\/insidecontent.tv\/es\/distribucion\/\"><span>Continue reading<\/span><\/a><\/p>\n","protected":false},"author":1,"featured_media":0,"parent":0,"menu_order":0,"comment_status":"closed","ping_status":"closed","template":"","meta":{"_exactmetrics_skip_tracking":false,"_exactmetrics_sitenote_active":false,"_exactmetrics_sitenote_note":"","_exactmetrics_sitenote_category":0,"footnotes":""},"yoast_head":"<!-- This site is optimized with the Yoast SEO plugin v22.4 - https:\/\/yoast.com\/wordpress\/plugins\/seo\/ -->\n<title>Distribuci\u00f3n - Inside Content<\/title>\n<meta name=\"robots\" content=\"index, follow, max-snippet:-1, max-image-preview:large, max-video-preview:-1\" \/>\n<link rel=\"canonical\" href=\"https:\/\/insidecontent.tv\/es\/distribucion\/\" \/>\n<meta property=\"og:locale\" content=\"es_ES\" \/>\n<meta property=\"og:type\" content=\"article\" \/>\n<meta property=\"og:title\" content=\"Distribuci\u00f3n - Inside Content\" \/>\n<meta property=\"og:description\" content=\"[vc_row content_width=\u00bbsmall\u00bb full_height=\u00bbyes\u00bb columns_placement=\u00bbmiddle\u00bb equal_height=\u00bb\u00bb font_color=\u00bblight\u00bb background_type=\u00bbimage\u00bb background_img=\u00bb7989&#8243; background_img_lazyload=\u00bb1&#8243; add_overlay=\u00bbyes\u00bb overlay_opacity=\u00bb60&#8243; shift_y=\u00bb0&#8243; z_index=\u00bb0&#8243;][vc_column][vc_custom_heading text=\u00bbDistribuci\u00f3n\u00bb font_size=\u00bb96&#8243; font_family=\u00bbRubik\u00bb color=\u00bbaccent\u00bb font_weight=\u00bb400&#8243; css=\u00bb.vc_custom_1543309999505{margin-bottom: 0px !important;}\u00bb css_animation=\u00bbfadeInUp\u00bb][vc_single_image image=\u00bb7343&#8243; full_width=\u00bb\u00bb opacity=\u00bb100&#8243; css_animation=\u00bbfade\u00bb][vc_column_text css_animation=\u00bbfadeIn\u00bb css_animation_delay=\u00bb400&#8243;] Desde INSIDE CONTENT Gestionamos derechos internacionales de largometrajes de diferentes g\u00e9neros para todo tipo de pantallas -cine y televisi\u00f3n- en todo el mundo. Nuestro cat\u00e1logo incluye t\u00edtulos...Continue reading\" \/>\n<meta property=\"og:url\" content=\"https:\/\/insidecontent.tv\/es\/distribucion\/\" \/>\n<meta property=\"og:site_name\" content=\"Inside Content\" \/>\n<meta property=\"article:modified_time\" content=\"2023-02-21T09:52:18+00:00\" \/>\n<meta name=\"twitter:card\" content=\"summary_large_image\" \/>\n<meta name=\"twitter:label1\" content=\"Tiempo de lectura\" \/>\n\t<meta name=\"twitter:data1\" content=\"1 minuto\" \/>\n<script type=\"application\/ld+json\" class=\"yoast-schema-graph\">{\"@context\":\"https:\/\/schema.org\",\"@graph\":[{\"@type\":\"WebPage\",\"@id\":\"https:\/\/insidecontent.tv\/es\/distribucion\/\",\"url\":\"https:\/\/insidecontent.tv\/es\/distribucion\/\",\"name\":\"Distribuci\u00f3n - Inside Content\",\"isPartOf\":{\"@id\":\"https:\/\/insidecontent.tv\/#website\"},\"datePublished\":\"2018-11-27T09:13:04+00:00\",\"dateModified\":\"2023-02-21T09:52:18+00:00\",\"breadcrumb\":{\"@id\":\"https:\/\/insidecontent.tv\/es\/distribucion\/#breadcrumb\"},\"inLanguage\":\"es\",\"potentialAction\":[{\"@type\":\"ReadAction\",\"target\":[\"https:\/\/insidecontent.tv\/es\/distribucion\/\"]}]},{\"@type\":\"BreadcrumbList\",\"@id\":\"https:\/\/insidecontent.tv\/es\/distribucion\/#breadcrumb\",\"itemListElement\":[{\"@type\":\"ListItem\",\"position\":1,\"name\":\"Portada\",\"item\":\"https:\/\/insidecontent.tv\/es\/\"},{\"@type\":\"ListItem\",\"position\":2,\"name\":\"Distribuci\u00f3n\"}]},{\"@type\":\"WebSite\",\"@id\":\"https:\/\/insidecontent.tv\/#website\",\"url\":\"https:\/\/insidecontent.tv\/\",\"name\":\"Inside Content\",\"description\":\"Inside content\",\"potentialAction\":[{\"@type\":\"SearchAction\",\"target\":{\"@type\":\"EntryPoint\",\"urlTemplate\":\"https:\/\/insidecontent.tv\/?s={search_term_string}\"},\"query-input\":\"required name=search_term_string\"}],\"inLanguage\":\"es\"}]}<\/script>\n<!-- \/ Yoast SEO plugin. -->","yoast_head_json":{"title":"Distribuci\u00f3n - Inside Content","robots":{"index":"index","follow":"follow","max-snippet":"max-snippet:-1","max-image-preview":"max-image-preview:large","max-video-preview":"max-video-preview:-1"},"canonical":"https:\/\/insidecontent.tv\/es\/distribucion\/","og_locale":"es_ES","og_type":"article","og_title":"Distribuci\u00f3n - Inside Content","og_description":"[vc_row content_width=\u00bbsmall\u00bb full_height=\u00bbyes\u00bb columns_placement=\u00bbmiddle\u00bb equal_height=\u00bb\u00bb font_color=\u00bblight\u00bb background_type=\u00bbimage\u00bb background_img=\u00bb7989&#8243; background_img_lazyload=\u00bb1&#8243; add_overlay=\u00bbyes\u00bb overlay_opacity=\u00bb60&#8243; shift_y=\u00bb0&#8243; z_index=\u00bb0&#8243;][vc_column][vc_custom_heading text=\u00bbDistribuci\u00f3n\u00bb font_size=\u00bb96&#8243; font_family=\u00bbRubik\u00bb color=\u00bbaccent\u00bb font_weight=\u00bb400&#8243; css=\u00bb.vc_custom_1543309999505{margin-bottom: 0px !important;}\u00bb css_animation=\u00bbfadeInUp\u00bb][vc_single_image image=\u00bb7343&#8243; full_width=\u00bb\u00bb opacity=\u00bb100&#8243; css_animation=\u00bbfade\u00bb][vc_column_text css_animation=\u00bbfadeIn\u00bb css_animation_delay=\u00bb400&#8243;] Desde INSIDE CONTENT Gestionamos derechos internacionales de largometrajes de diferentes g\u00e9neros para todo tipo de pantallas -cine y televisi\u00f3n- en todo el mundo. Nuestro cat\u00e1logo incluye t\u00edtulos...Continue reading","og_url":"https:\/\/insidecontent.tv\/es\/distribucion\/","og_site_name":"Inside Content","article_modified_time":"2023-02-21T09:52:18+00:00","twitter_card":"summary_large_image","twitter_misc":{"Tiempo de lectura":"1 minuto"},"schema":{"@context":"https:\/\/schema.org","@graph":[{"@type":"WebPage","@id":"https:\/\/insidecontent.tv\/es\/distribucion\/","url":"https:\/\/insidecontent.tv\/es\/distribucion\/","name":"Distribuci\u00f3n - Inside Content","isPartOf":{"@id":"https:\/\/insidecontent.tv\/#website"},"datePublished":"2018-11-27T09:13:04+00:00","dateModified":"2023-02-21T09:52:18+00:00","breadcrumb":{"@id":"https:\/\/insidecontent.tv\/es\/distribucion\/#breadcrumb"},"inLanguage":"es","potentialAction":[{"@type":"ReadAction","target":["https:\/\/insidecontent.tv\/es\/distribucion\/"]}]},{"@type":"BreadcrumbList","@id":"https:\/\/insidecontent.tv\/es\/distribucion\/#breadcrumb","itemListElement":[{"@type":"ListItem","position":1,"name":"Portada","item":"https:\/\/insidecontent.tv\/es\/"},{"@type":"ListItem","position":2,"name":"Distribuci\u00f3n"}]},{"@type":"WebSite","@id":"https:\/\/insidecontent.tv\/#website","url":"https:\/\/insidecontent.tv\/","name":"Inside Content","description":"Inside content","potentialAction":[{"@type":"SearchAction","target":{"@type":"EntryPoint","urlTemplate":"https:\/\/insidecontent.tv\/?s={search_term_string}"},"query-input":"required name=search_term_string"}],"inLanguage":"es"}]}},"_links":{"self":[{"href":"https:\/\/insidecontent.tv\/es\/wp-json\/wp\/v2\/pages\/7472"}],"collection":[{"href":"https:\/\/insidecontent.tv\/es\/wp-json\/wp\/v2\/pages"}],"about":[{"href":"https:\/\/insidecontent.tv\/es\/wp-json\/wp\/v2\/types\/page"}],"author":[{"embeddable":true,"href":"https:\/\/insidecontent.tv\/es\/wp-json\/wp\/v2\/users\/1"}],"replies":[{"embeddable":true,"href":"https:\/\/insidecontent.tv\/es\/wp-json\/wp\/v2\/comments?post=7472"}],"version-history":[{"count":10,"href":"https:\/\/insidecontent.tv\/es\/wp-json\/wp\/v2\/pages\/7472\/revisions"}],"predecessor-version":[{"id":8510,"href":"https:\/\/insidecontent.tv\/es\/wp-json\/wp\/v2\/pages\/7472\/revisions\/8510"}],"wp:attachment":[{"href":"https:\/\/insidecontent.tv\/es\/wp-json\/wp\/v2\/media?parent=7472"}],"curies":[{"name":"wp","href":"https:\/\/api.w.org\/{rel}","templated":true}]}}